{"id":2849,"date":"2025-07-25T08:57:04","date_gmt":"2025-07-25T06:57:04","guid":{"rendered":"https:\/\/www.apartamentosllobet.com\/aviso-legal\/"},"modified":"2025-07-25T10:34:46","modified_gmt":"2025-07-25T08:34:46","slug":"avviso-legale","status":"publish","type":"page","link":"https:\/\/www.apartamentosllobet.com\/it\/avviso-legale\/","title":{"rendered":"Avviso legale"},"content":{"rendered":"\t\t<div data-elementor-type=\"wp-page\" data-elementor-id=\"2849\" class=\"elementor elementor-2849 elementor-185\" data-elementor-post-type=\"page\">\n\t\t\t\t<div class=\"elementor-element elementor-element-f3ec55d e-flex e-con-boxed e-con e-parent\" data-id=\"f3ec55d\" data-element_type=\"container\" data-e-type=\"container\">\n\t\t\t\t\t<div class=\"e-con-inner\">\n\t\t\t\t<div class=\"elementor-element elementor-element-0c0d297 elementor-widget elementor-widget-text-editor\" data-id=\"0c0d297\" data-element_type=\"widget\" data-e-type=\"widget\" data-widget_type=\"text-editor.default\">\n\t\t\t\t<div class=\"elementor-widget-container\">\n\t\t\t\t\t\t\t\t\t<p>LLOBET TUR SA, responsabile del sito web, di seguito RESPONSABILE, mette a disposizione degli utenti il presente documento, con il quale intende adempiere agli obblighi previsti dalla Legge 34\/2002, dell&#8217;11 luglio, sui Servizi della Societ\u00e0 dell&#8217;Informazione e del Commercio Elettronico (LSSICE), BOE n. 166, oltre a informare tutti gli utenti del sito web in merito alle condizioni di utilizzo.<\/p>\n<p>Chiunque acceda a questo sito web assume il ruolo di utente, impegnandosi a osservare e rispettare rigorosamente le disposizioni del presente documento, nonch\u00e9 qualsiasi altra disposizione legale applicabile.<\/p>\n<p>LLOBET TUR SA si riserva il diritto di modificare qualsiasi tipo di informazione che possa apparire sul sito web, senza alcun obbligo di preavviso o di informazione agli utenti, intendendo come sufficiente la pubblicazione sul sito web di LLOBET TUR SA.<\/p>\n<h4><strong>1. DATI DI IDENTIFICAZIONE<\/strong><\/h4>\n<p>Nome di dominio: apartamentosllobet.com<br \/>Nome commerciale: APARTAMENTOS LLOBET<br \/>Nome della societ\u00e0: LLOBET TUR SA<br \/>NIF: A07283781<br \/>Sede legale: Calle Alejandro Llobet, N\u00ba 6 , 07800 Ibiza (ILLES BALEARS)<br \/>Telefono: 971304124<br \/>e-mail: <a href=\"mailto:info@apartamentosllobet.com\">info@apartamentosllobet.com<\/a><br \/>Iscritta nel Registro (Mercantile\/Pubblico): ILLES BALEARS, Volume 26, Folio 5, Libro 26, Pagina IB-1179, Iscrizione 6<\/p>\n<h4><strong>2. DIRITTI DI PROPRIET\u00c0 INTELLETTUALE E INDUSTRIALE<\/strong><\/h4>\n<p>Il sito web, compresi, a titolo esemplificativo e non esaustivo, la programmazione, l&#8217;editing, la compilazione e gli altri elementi necessari al suo funzionamento, i disegni, i loghi, i testi e\/o la grafica, sono di propriet\u00e0 della PARTE RESPONSABILE o, se del caso, dispone di una licenza o di un&#8217;autorizzazione espressa da parte degli autori. Tutti i contenuti del sito web sono debitamente protetti dalle normative sulla propriet\u00e0 intellettuale e industriale, nonch\u00e9 registrati nei corrispondenti registri pubblici. Indipendentemente dallo scopo per cui sono stati concepiti, la riproduzione totale o parziale, l&#8217;uso, lo sfruttamento, la distribuzione e la commercializzazione richiedono in ogni caso la previa autorizzazione scritta della PARTE RESPONSABILE. Qualsiasi uso non preventivamente autorizzato \u00e8 considerato una grave violazione dei diritti di propriet\u00e0 intellettuale o industriale dell&#8217;autore.<br \/>I disegni, i loghi, i testi e\/o la grafica che non appartengono al RESPONSABILE e che possono apparire sul sito web appartengono ai rispettivi proprietari, che sono essi stessi responsabili di qualsiasi controversia che possa sorgere in merito. Il RESPONSABILE autorizza espressamente i terzi a reindirizzare direttamente ai contenuti specifici del sito web, e in ogni caso a reindirizzare al sito principale di apartamentosllobet.com. Il RESPONSABILE riconosce a favore dei loro proprietari i corrispondenti diritti di propriet\u00e0 intellettuale e industriale e la loro semplice menzione o apparizione sul sito web non implica l&#8217;esistenza di alcun diritto o responsabilit\u00e0 su di essi, n\u00e9 alcuna approvazione, sponsorizzazione o raccomandazione da parte del RESPONSABILE.     <\/p>\n<p>Se desideri fare commenti su eventuali violazioni dei diritti di propriet\u00e0 intellettuale o industriale, o su qualsiasi contenuto del sito web, puoi farlo inviando un&#8217;e-mail a <a href=\"mailto:info@apartamentosllobet.com\">info@apartamentosllobet.com.<\/a><\/p>\n<h4><strong>3. ESENZIONE DI RESPONSABILIT\u00c0<\/strong><\/h4>\n<p>Il RESPONSABILE declina ogni responsabilit\u00e0 per le informazioni pubblicate sul suo sito web, a condizione che tali informazioni siano state manipolate o introdotte da una terza parte esterna allo stesso.<\/p>\n<p><strong>Utilizzo dei cookie<\/strong><\/p>\n<p>Questo sito web pu\u00f2 utilizzare cookie tecnici (piccoli file informativi che il server invia al computer di chi accede alla pagina) per svolgere alcune funzioni ritenute essenziali per il corretto funzionamento e la visualizzazione del sito. I cookie utilizzati sono, in ogni caso, di natura temporanea, al solo scopo di rendere pi\u00f9 efficiente la navigazione, e scompaiono al termine della sessione dell&#8217;utente. In nessun caso questi cookie forniscono dati di natura personale e non saranno utilizzati per raccogliere tali dati.  <\/p>\n<p>Attraverso l&#8217;uso dei cookie \u00e8 anche possibile che il server in cui si trova il sito web riconosca il browser utilizzato dall&#8217;utente per facilitare la navigazione, consentendo, ad esempio, agli utenti che si sono precedentemente registrati di accedere alle aree, ai servizi, alle promozioni o ai concorsi riservati esclusivamente a loro senza doversi registrare ad ogni visita. Possono anche essere utilizzati per misurare l&#8217;audience, i parametri di traffico, controllare l&#8217;andamento e il numero di iscrizioni, ecc. Questo sito web non installer\u00e0 cookie dispensabili senza il preventivo consenso dell&#8217;utente.  <\/p>\n<p>Questo sito web utilizza cookie propri e di terze parti per scopi analitici e per mostrarti pubblicit\u00e0 personalizzata basata su un profilo elaborato in base alle tue abitudini di navigazione (ad esempio, le pagine visitate). Tutti gli utenti che visitano il sito web sono informati dell&#8217;utilizzo di questi cookie tramite un banner fluttuante. Se l&#8217;utente accetta l&#8217;utilizzo di questi cookie, il banner scompare, ma \u00e8 possibile revocare il consenso in qualsiasi momento e ottenere maggiori informazioni consultando la nostra Informativa sui cookie. L&#8217;utente ha la possibilit\u00e0 di configurare il proprio browser per essere avvisato della ricezione dei cookie e per impedirne l&#8217;installazione sul proprio computer. Per ulteriori informazioni, consulta le istruzioni del tuo browser.    <\/p>\n<p><strong>Politica di collegamento<\/strong><\/p>\n<p>Dal sito web \u00e8 possibile che tu venga reindirizzato a contenuti di siti web di terze parti. Dato che il RESPONSABILE non pu\u00f2 sempre controllare i contenuti introdotti da terzi nei rispettivi siti web, non si assume alcun tipo di responsabilit\u00e0 in merito a tali contenuti. In ogni caso, rimuover\u00e0 immediatamente qualsiasi contenuto che possa contravvenire alla legislazione nazionale o internazionale, al buon costume o all&#8217;ordine pubblico, procedendo all&#8217;immediato ritiro del reindirizzamento a tale sito web, informando le autorit\u00e0 competenti del contenuto in questione.<br \/>Il RESPONSABILE non \u00e8 responsabile delle informazioni e dei contenuti memorizzati, inclusi, a titolo esemplificativo ma non esaustivo, nei forum, nelle chat, nei generatori di blog, nei commenti, nei social network o in qualsiasi altro mezzo che consenta a terzi di pubblicare contenuti in modo indipendente sul sito web del RESPONSABILE. Tuttavia, e in conformit\u00e0 con le disposizioni degli articoli 11 e 16 della LSSICE, si mette a disposizione di tutti gli utenti, delle autorit\u00e0 e delle forze di sicurezza, collaborando attivamente alla rimozione o, se del caso, al blocco di tutti i contenuti che possano pregiudicare o contravvenire alla legislazione nazionale o internazionale, ai diritti di terzi o alla morale e all&#8217;ordine pubblico. Nel caso in cui l&#8217;utente ritenga che sul sito web siano presenti contenuti suscettibili di questa classificazione, \u00e8 pregato di comunicarlo immediatamente all&#8217;amministratore del sito.<br \/>Questo sito web \u00e8 stato controllato e testato per garantirne il corretto funzionamento. In linea di principio, \u00e8 possibile garantire il corretto funzionamento del sito per 365 giorni all&#8217;anno, 24 ore al giorno. Tuttavia, il RESPONSABILE non esclude la possibilit\u00e0 di alcuni errori di programmazione o il verificarsi di cause di forza maggiore, disastri naturali, scioperi o circostanze simili che rendano impossibile l&#8217;accesso al sito web.      <\/p>\n<p><strong>Indirizzi IP<\/strong><\/p>\n<p>I server del sito web saranno in grado di rilevare automaticamente l&#8217;indirizzo IP e il nome di dominio utilizzati dall&#8217;utente. L&#8217;indirizzo IP \u00e8 un numero assegnato automaticamente a un computer quando si connette a Internet. Tutte queste informazioni vengono registrate in un file di attivit\u00e0 del server debitamente registrato che consente la successiva elaborazione dei dati per ottenere misurazioni puramente statistiche che permettono di conoscere il numero di impressioni di pagina, il numero di visite effettuate ai server web, l&#8217;ordine delle visite, il punto di accesso, ecc.  <\/p>\n<h4><strong>4. LEGGE APPLICABILE E GIURISDIZIONE<\/strong><\/h4>\n<p>Per la risoluzione di tutte le controversie o questioni relative a questo sito web o alle attivit\u00e0 in esso svolte, si applicher\u00e0 la legislazione spagnola, alla quale le parti si sottomettono espressamente, e le Corti e i Tribunali pi\u00f9 vicini a Ibiza saranno competenti per la risoluzione di tutte le controversie derivanti da o relative al suo utilizzo.<\/p>\n\t\t\t\t\t\t\t\t<\/div>\n\t\t\t\t<\/div>\n\t\t\t\t\t<\/div>\n\t\t\t\t<\/div>\n\t\t\t\t<\/div>\n\t\t","protected":false},"excerpt":{"rendered":"<p>LLOBET TUR SA, responsabile del sito web, di seguito RESPONSABILE, mette a disposizione degli utenti il presente documento, con il quale intende adempiere agli obblighi previsti dalla Legge 34\/2002, dell&#8217;11 luglio, sui Servizi della Societ\u00e0 dell&#8217;Informazione e del Commercio Elettronico (LSSICE), BOE n. 166, oltre a informare tutti gli utenti del sito web in merito [&hellip;]<\/p>\n","protected":false},"author":1,"featured_media":0,"parent":0,"menu_order":0,"comment_status":"closed","ping_status":"closed","template":"","meta":{"footnotes":""},"class_list":["post-2849","page","type-page","status-publish","hentry"],"_links":{"self":[{"href":"https:\/\/www.apartamentosllobet.com\/it\/wp-json\/wp\/v2\/pages\/2849","targetHints":{"allow":["GET"]}}],"collection":[{"href":"https:\/\/www.apartamentosllobet.com\/it\/wp-json\/wp\/v2\/pages"}],"about":[{"href":"https:\/\/www.apartamentosllobet.com\/it\/wp-json\/wp\/v2\/types\/page"}],"author":[{"embeddable":true,"href":"https:\/\/www.apartamentosllobet.com\/it\/wp-json\/wp\/v2\/users\/1"}],"replies":[{"embeddable":true,"href":"https:\/\/www.apartamentosllobet.com\/it\/wp-json\/wp\/v2\/comments?post=2849"}],"version-history":[{"count":1,"href":"https:\/\/www.apartamentosllobet.com\/it\/wp-json\/wp\/v2\/pages\/2849\/revisions"}],"predecessor-version":[{"id":2852,"href":"https:\/\/www.apartamentosllobet.com\/it\/wp-json\/wp\/v2\/pages\/2849\/revisions\/2852"}],"wp:attachment":[{"href":"https:\/\/www.apartamentosllobet.com\/it\/wp-json\/wp\/v2\/media?parent=2849"}],"curies":[{"name":"wp","href":"https:\/\/api.w.org\/{rel}","templated":true}]}}