{"id":2812,"date":"2025-07-25T08:56:55","date_gmt":"2025-07-25T06:56:55","guid":{"rendered":"https:\/\/www.apartamentosllobet.com\/politica-de-privacidad\/"},"modified":"2025-07-25T10:36:17","modified_gmt":"2025-07-25T08:36:17","slug":"informativa-sulla-privacy","status":"publish","type":"page","link":"https:\/\/www.apartamentosllobet.com\/it\/informativa-sulla-privacy\/","title":{"rendered":"Informativa sulla privacy"},"content":{"rendered":"\t\t<div data-elementor-type=\"wp-page\" data-elementor-id=\"2812\" class=\"elementor elementor-2812 elementor-190\" data-elementor-post-type=\"page\">\n\t\t\t\t<div class=\"elementor-element elementor-element-d2466cb e-flex e-con-boxed e-con e-parent\" data-id=\"d2466cb\" data-element_type=\"container\" data-e-type=\"container\">\n\t\t\t\t\t<div class=\"e-con-inner\">\n\t\t\t\t<div class=\"elementor-element elementor-element-27e5429 elementor-widget elementor-widget-text-editor\" data-id=\"27e5429\" data-element_type=\"widget\" data-e-type=\"widget\" data-widget_type=\"text-editor.default\">\n\t\t\t\t<div class=\"elementor-widget-container\">\n\t\t\t\t\t\t\t\t\t<h4><strong>1. INFORMAZIONI SULL&#8217;UTENTE<\/strong><\/h4>\n<p><strong>Chi \u00e8 responsabile del trattamento dei tuoi dati personali?<\/strong><\/p>\n<p>LLOBET TUR SA \u00e8 RESPONSABILE del trattamento dei dati personali dell&#8217;UTENTE e informa che tali dati saranno trattati in conformit\u00e0 alle disposizioni del Regolamento (UE) 2016\/679, del 27 aprile (GDPR), e della Legge Organica 3\/2018, del 5 dicembre (LOPDGDD).<\/p>\n<p><strong>Per quale motivo trattiamo i tuoi dati personali?<\/strong><\/p>\n<p>mantenere un rapporto commerciale con l&#8217;utente. Le operazioni previste per l&#8217;esecuzione del trattamento sono: <\/p>\n<ul>\n<li>Invio di comunicazioni commerciali pubblicitarie tramite e-mail, fax, SMS, MMS, social network o qualsiasi altro mezzo elettronico o fisico, presente o futuro, che consenta di effettuare comunicazioni commerciali. Tali comunicazioni saranno effettuate dal RESPONSABILE e saranno relative ai suoi prodotti e servizi, o a quelli dei suoi collaboratori o fornitori, con i quali ha raggiunto un accordo promozionale. In questo caso, le terze parti non avranno mai accesso ai dati personali.  <\/li>\n<li>Condurre ricerche di mercato e analisi statistiche.<\/li>\n<li>Elaborare ordini, richieste, rispondere a quesiti o a qualsiasi tipo di richiesta fatta dall&#8217;UTENTE attraverso uno qualsiasi dei moduli di contatto resi disponibili sul sito web del RESPONSABILE.<\/li>\n<li>Per inviare la newsletter online sulle novit\u00e0, le offerte e le promozioni della nostra attivit\u00e0.<\/li>\n<\/ul>\n<p><strong>Perch\u00e9 possiamo trattare i tuoi dati personali?<\/strong><\/p>\n<p>Perch\u00e9 il trattamento \u00e8 legittimato dall&#8217;articolo 6 del GDPR come segue:<\/p>\n<ul>\n<li>Con il consenso dell&#8217;UTENTE: invio di comunicazioni commerciali e della newsletter.<\/li>\n<li>Per il legittimo interesse del RESPONSABILE: per effettuare ricerche di mercato, analisi statistiche, ecc. e per elaborare ordini, richieste, ecc. su richiesta dell&#8217;UTENTE.<\/li>\n<\/ul>\n<p><strong>Per quanto tempo conserveremo i tuoi dati personali?<\/strong><\/p>\n<p>Saranno conservati per un periodo di tempo non superiore a quello necessario per mantenere lo scopo del trattamento o in presenza di requisiti legali che ne impongano la conservazione e, quando non saranno pi\u00f9 necessari per tale scopo, saranno cancellati con misure di sicurezza adeguate per garantire l&#8217;anonimizzazione dei dati o la loro totale distruzione.<\/p>\n<p><strong>A chi forniamo i tuoi dati personali?<\/strong><\/p>\n<p>Non \u00e8 prevista la comunicazione dei dati personali a terzi se non per obbligo di legge o, se necessario per lo sviluppo e l&#8217;esecuzione delle finalit\u00e0 del trattamento, ai nostri fornitori di servizi relativi alle comunicazioni, con i quali il RESPONSABILE ha sottoscritto i contratti di riservatezza e di trattamento dei dati richiesti dalla vigente normativa sulla privacy.<\/p>\n<p><strong>Quali sono i tuoi diritti?<\/strong><\/p>\n<p>I diritti dell&#8217;UTENTE sono:<\/p>\n<ul>\n<li>Diritto di ritirare il consenso in qualsiasi momento.<\/li>\n<li>Il diritto di accesso, rettifica, portabilit\u00e0 e cancellazione dei tuoi dati, nonch\u00e9 il diritto di limitare o opporsi al loro trattamento.<\/li>\n<li>Il diritto di proporre reclamo all&#8217;autorit\u00e0 di controllo (www.aepd.es) qualora ritenga che il trattamento non sia conforme alla normativa vigente.<\/li>\n<\/ul>\n<p><strong>Contatti per esercitare i tuoi diritti:<\/strong><\/p>\n<p>LLOBET TUR SA. Calle Alejandro Llobet, N\u00ba 6, &#8211; 07800 Ibiza (Illes Balears). E-mail: <a href=\"mailto:info@apartamentosllobet.com\">info@apartamentosllobet.com<\/a>  <\/p>\n<h4> <\/h4>\n<h4><strong>2. NATURA OBBLIGATORIA O FACOLTATIVA DELLE INFORMAZIONI FORNITE DALL&#8217;UTENTE<\/strong><\/h4>\n<p>Gli UTENTI, spuntando le caselle corrispondenti e inserendo i dati nei campi contrassegnati da un asterisco (*) nel modulo di contatto o presentati nei moduli di download, accettano espressamente e liberamente e inequivocabilmente che i loro dati siano necessari per soddisfare la loro richiesta, da parte del fornitore, essendo volontario l&#8217;inserimento dei dati nei campi rimanenti. L&#8217;UTENTE garantisce che i dati personali forniti al RESPONSABILE sono veritieri ed \u00e8 responsabile della comunicazione di eventuali modifiche agli stessi. Il RESPONSABILE informa che tutti i dati richiesti attraverso il sito web sono obbligatori, in quanto necessari per la fornitura di un servizio ottimale all&#8217;UTENTE. Nel caso in cui non vengano forniti tutti i dati, non si garantisce che le informazioni e i servizi forniti siano completamente adeguati alle esigenze dell&#8217;utente.   <\/p>\n<h4> <\/h4>\n<h4><strong>3. MISURE DI SICUREZZA<\/strong><\/h4>\n<p>Che in conformit\u00e0 con le disposizioni della normativa vigente in materia di protezione dei dati personali, il RESPONSABILE rispetta tutte le disposizioni del GDPR e della normativa LOPDGDD per il trattamento dei dati personali sotto la sua responsabilit\u00e0, e manifestamente i principi descritti nell&#8217;articolo 5 del GDPR, per cui i dati sono trattati in modo lecito, equo e trasparente in relazione all&#8217;interessato e sono adeguati, pertinenti e limitati a quanto necessario in relazione alle finalit\u00e0 per cui sono trattati.<\/p>\n<p>Il RESPONSABILE garantisce di aver implementato politiche tecniche e organizzative adeguate per applicare le misure di sicurezza stabilite dal GDPR e dal LOPDGDD al fine di proteggere i diritti e le libert\u00e0 degli UTENTI e di aver comunicato loro le informazioni appropriate affinch\u00e9 possano esercitarli.<\/p>\n<p>Per maggiori informazioni sulle garanzie di privacy, puoi contattare il RESPONSABILE tramite LLOBET TUR SA. Calle Alejandro Llobet, N\u00ba 6, &#8211; 07800 Ibiza (Illes Balears). E-mail: <a href=\"mailto:info@apartamentosllobet.com\">info@apartamentosllobet.com<\/a>  <\/p>\n\t\t\t\t\t\t\t\t<\/div>\n\t\t\t\t<\/div>\n\t\t\t\t\t<\/div>\n\t\t\t\t<\/div>\n\t\t\t\t<\/div>\n\t\t","protected":false},"excerpt":{"rendered":"<p>1. INFORMAZIONI SULL&#8217;UTENTE Chi \u00e8 responsabile del trattamento dei tuoi dati personali? LLOBET TUR SA \u00e8 RESPONSABILE del trattamento dei dati personali dell&#8217;UTENTE e informa che tali dati saranno trattati in conformit\u00e0 alle disposizioni del Regolamento (UE) 2016\/679, del 27 aprile (GDPR), e della Legge Organica 3\/2018, del 5 dicembre (LOPDGDD). Per quale motivo trattiamo [&hellip;]<\/p>\n","protected":false},"author":1,"featured_media":0,"parent":0,"menu_order":0,"comment_status":"closed","ping_status":"closed","template":"","meta":{"footnotes":""},"class_list":["post-2812","page","type-page","status-publish","hentry"],"_links":{"self":[{"href":"https:\/\/www.apartamentosllobet.com\/it\/wp-json\/wp\/v2\/pages\/2812","targetHints":{"allow":["GET"]}}],"collection":[{"href":"https:\/\/www.apartamentosllobet.com\/it\/wp-json\/wp\/v2\/pages"}],"about":[{"href":"https:\/\/www.apartamentosllobet.com\/it\/wp-json\/wp\/v2\/types\/page"}],"author":[{"embeddable":true,"href":"https:\/\/www.apartamentosllobet.com\/it\/wp-json\/wp\/v2\/users\/1"}],"replies":[{"embeddable":true,"href":"https:\/\/www.apartamentosllobet.com\/it\/wp-json\/wp\/v2\/comments?post=2812"}],"version-history":[{"count":1,"href":"https:\/\/www.apartamentosllobet.com\/it\/wp-json\/wp\/v2\/pages\/2812\/revisions"}],"predecessor-version":[{"id":2818,"href":"https:\/\/www.apartamentosllobet.com\/it\/wp-json\/wp\/v2\/pages\/2812\/revisions\/2818"}],"wp:attachment":[{"href":"https:\/\/www.apartamentosllobet.com\/it\/wp-json\/wp\/v2\/media?parent=2812"}],"curies":[{"name":"wp","href":"https:\/\/api.w.org\/{rel}","templated":true}]}}