{"id":2805,"date":"2025-07-25T08:56:52","date_gmt":"2025-07-25T06:56:52","guid":{"rendered":"https:\/\/www.apartamentosllobet.com\/politica-de-cookies\/"},"modified":"2025-07-25T10:35:54","modified_gmt":"2025-07-25T08:35:54","slug":"informativa-sui-cookies","status":"publish","type":"page","link":"https:\/\/www.apartamentosllobet.com\/it\/informativa-sui-cookies\/","title":{"rendered":"Informativa sui cookie"},"content":{"rendered":"\t\t<div data-elementor-type=\"wp-page\" data-elementor-id=\"2805\" class=\"elementor elementor-2805 elementor-195\" data-elementor-post-type=\"page\">\n\t\t\t\t<div class=\"elementor-element elementor-element-f9f2d92 e-flex e-con-boxed e-con e-parent\" data-id=\"f9f2d92\" data-element_type=\"container\" data-e-type=\"container\">\n\t\t\t\t\t<div class=\"e-con-inner\">\n\t\t\t\t<div class=\"elementor-element elementor-element-6fe996d elementor-widget elementor-widget-text-editor\" data-id=\"6fe996d\" data-element_type=\"widget\" data-e-type=\"widget\" data-widget_type=\"text-editor.default\">\n\t\t\t\t<div class=\"elementor-widget-container\">\n\t\t\t\t\t\t\t\t\t<h4><strong>INFORMAZIONI SUI COOKIE<\/strong><\/h4>\n<p>A causa dell&#8217;entrata in vigore della modifica della &#8220;Ley de Servicios de la Sociedad de la Informaci\u00f3n&#8221; (LSSICE) stabilita dal Regio Decreto 13\/2012, \u00e8 obbligatorio ottenere il consenso espresso dell&#8217;utente di tutti i siti web che utilizzano cookie dispensabili, prima che l&#8217;utente li navighi.<\/p>\n<h4><strong>COSA SONO I BISCOTTI?<\/strong><\/h4>\n<p>I cookie e altre tecnologie simili, come gli oggetti locali condivisi, i flash cookie o i pixel, sono strumenti utilizzati dai server web per memorizzare e recuperare informazioni sui visitatori e per garantire il corretto funzionamento del sito.<\/p>\n<p>L&#8217;utilizzo di questi dispositivi permette al server web di ricordare alcuni dati relativi all&#8217;utente, come le sue preferenze di visualizzazione delle pagine del server, il nome e la password, i prodotti a cui \u00e8 pi\u00f9 interessato, ecc.<\/p>\n<h4><strong>COOKIE INTERESSATI DAL REGOLAMENTO E COOKIE ESENTI<\/strong><\/h4>\n<p>Secondo la direttiva UE, i cookie che richiedono il consenso informato dell&#8217;utente sono i cookie analitici e i cookie pubblicitari e di affiliazione, ad eccezione dei cookie tecnici e di quelli necessari al funzionamento del sito web o alla fornitura di servizi espressamente richiesti dall&#8217;utente.<\/p>\n<h4><strong><br \/>TIPI DI COOKIE<\/strong><\/h4>\n<p><strong>A SECONDA DELLO SCOPO<\/strong><\/p>\n<ul>\n<li><strong>Cookie tecnici e funzionali:<\/strong> si tratta di cookie che permettono all&#8217;utente di navigare su un sito web, una piattaforma o un&#8217;applicazione e di utilizzare le diverse opzioni o servizi presenti su di essa.<\/li>\n<li><strong>Cookie analitici:<\/strong> si tratta di cookie che consentono al responsabile di monitorare e analizzare il comportamento degli utenti dei siti web a cui sono collegati. Le informazioni raccolte attraverso questo tipo di cookie vengono utilizzate per misurare l&#8217;attivit\u00e0 dei siti web, delle applicazioni o delle piattaforme e per elaborare profili di navigazione degli utenti di tali siti, applicazioni e piattaforme, al fine di introdurre miglioramenti basati sull&#8217;analisi dei dati di utilizzo degli utenti del servizio. <\/li>\n<li><strong>Cookie pubblicitari:<\/strong> sono quelli che permettono di gestire, nel modo pi\u00f9 efficace possibile, gli spazi pubblicitari che, se del caso, l&#8217;editore ha inserito in un sito web, un&#8217;applicazione o una piattaforma da cui viene fornito il servizio richiesto in base a criteri quali il contenuto modificato o la frequenza con cui vengono mostrati gli annunci pubblicitari.<\/li>\n<li><strong>Cookie di pubblicit\u00e0 comportamentale:<\/strong> raccolgono informazioni sulle preferenze e sulle scelte personali dell&#8217;utente (retargeting) per consentire la gestione, nel modo pi\u00f9 efficace possibile, degli spazi pubblicitari che, se del caso, l&#8217;editore ha inserito su un sito web, un&#8217;applicazione o una piattaforma da cui viene fornito il servizio richiesto.<\/li>\n<li><strong>Cookie sociali:<\/strong> sono impostati dalle piattaforme di social media sui Servizi per consentirti di condividere i contenuti con i tuoi amici e le tue reti. Le piattaforme di social media hanno la possibilit\u00e0 di tracciare la tua attivit\u00e0 online al di fuori dei Servizi. Ci\u00f2 pu\u00f2 influenzare i contenuti e i messaggi che l&#8217;utente vede su altri servizi che visita.  <\/li>\n<li><strong>Cookie di affiliazione:<\/strong> consentono di tracciare le visite da altri siti web con cui il sito ha un contratto di affiliazione (societ\u00e0 di affiliazione).<\/li>\n<li><strong>Cookie di sicurezza:<\/strong> memorizzano informazioni criptate per evitare che i dati in essi memorizzati siano vulnerabili ad attacchi malevoli da parte di terzi.<\/li>\n<\/ul>\n<p><strong>IN BASE ALLA PROPRIET\u00c0<\/strong><\/p>\n<ul>\n<li><strong>Cookie propri: sono<\/strong> quelli inviati al terminale dell&#8217;utente da un computer o da un dominio gestito dall&#8217;editore stesso e dal quale viene fornito il servizio richiesto dall&#8217;utente.<\/li>\n<li><strong>Cookie di terze parti:<\/strong> si tratta di cookie che vengono inviati al terminale dell&#8217;utente da un computer o da un dominio non gestito dall&#8217;editore, ma da un&#8217;altra entit\u00e0 che elabora i dati ottenuti attraverso i cookie.<\/li>\n<\/ul>\n<p><strong>IN BASE ALLA DURATA DI CONSERVAZIONE<\/strong><\/p>\n<ul>\n<li><strong>Cookie di sessione:<\/strong> si tratta di un tipo di cookie progettato per raccogliere e memorizzare i dati mentre l&#8217;utente accede a una pagina web.<\/li>\n<li><strong>Cookie persistenti: si tratta di<\/strong> un tipo di cookie in cui i dati rimangono memorizzati nel terminale e possono essere consultati ed elaborati per un periodo definito dalla parte responsabile del cookie, che pu\u00f2 variare da pochi minuti a diversi anni.<\/li>\n<\/ul>\n<h4><strong><br \/>TRATTAMENTO DEI DATI PERSONALI<\/strong><\/h4>\n<p>LLOBET TUR SA \u00e8 il <strong>Titolare del<\/strong> trattamento dei dati personali dell&#8217;<strong>Interessato<\/strong> e ti informa che tali dati saranno trattati in conformit\u00e0 alle disposizioni del Regolamento (UE) 2016\/679, del 27 aprile 2016 (GDPR), per cui ti vengono fornite le seguenti informazioni sul trattamento:<\/p>\n<p><strong>Finalit\u00e0 del trattamento:<\/strong> come specificato nella sezione relativa ai cookie utilizzati sul sito web.<br \/><strong>Legittimazione del trattamento:<\/strong> tramite il consenso dell&#8217;interessato (art. 6.1 GDPR).<br \/><strong>Criteri di conservazione dei dati:<\/strong> come specificato nella sezione relativa ai cookie utilizzati sul sito web.<br \/><strong>Comunicazione dei dati:<\/strong> i dati non saranno comunicati a terzi, se non in cookie di propriet\u00e0 di terzi o per obbligo di legge.<\/p>\n<p><strong>Diritti dell&#8217;Interessato:<\/strong><\/p>\n<ul>\n<li>Diritto di ritirare il consenso in qualsiasi momento.<\/li>\n<li>Il diritto di accesso, rettifica, portabilit\u00e0 e cancellazione dei tuoi dati, nonch\u00e9 il diritto di limitare o opporsi al loro trattamento.<\/li>\n<li>Il diritto di proporre reclamo all&#8217;autorit\u00e0 di controllo (www.aepd.es) qualora ritenga che il trattamento non sia conforme alla normativa vigente.<\/li>\n<\/ul>\n<p><strong>Contatti per esercitare i tuoi diritti:<\/strong><\/p>\n<p>LLOBET TUR SA. Calle Alejandro Llobet, N\u00ba 6, -07800 Ibiza (Illes Balears). E-mail: <a href=\"mailto:info@apartamentosllobet.com\">info@apartamentosllobet.com<\/a>  <\/p>\n\t\t\t\t\t\t\t\t<\/div>\n\t\t\t\t<\/div>\n\t\t\t\t\t<\/div>\n\t\t\t\t<\/div>\n\t\t\t\t<\/div>\n\t\t","protected":false},"excerpt":{"rendered":"<p>INFORMAZIONI SUI COOKIE A causa dell&#8217;entrata in vigore della modifica della &#8220;Ley de Servicios de la Sociedad de la Informaci\u00f3n&#8221; (LSSICE) stabilita dal Regio Decreto 13\/2012, \u00e8 obbligatorio ottenere il consenso espresso dell&#8217;utente di tutti i siti web che utilizzano cookie dispensabili, prima che l&#8217;utente li navighi. COSA SONO I BISCOTTI? I cookie e altre [&hellip;]<\/p>\n","protected":false},"author":1,"featured_media":0,"parent":0,"menu_order":0,"comment_status":"closed","ping_status":"closed","template":"","meta":{"footnotes":""},"class_list":["post-2805","page","type-page","status-publish","hentry"],"_links":{"self":[{"href":"https:\/\/www.apartamentosllobet.com\/it\/wp-json\/wp\/v2\/pages\/2805","targetHints":{"allow":["GET"]}}],"collection":[{"href":"https:\/\/www.apartamentosllobet.com\/it\/wp-json\/wp\/v2\/pages"}],"about":[{"href":"https:\/\/www.apartamentosllobet.com\/it\/wp-json\/wp\/v2\/types\/page"}],"author":[{"embeddable":true,"href":"https:\/\/www.apartamentosllobet.com\/it\/wp-json\/wp\/v2\/users\/1"}],"replies":[{"embeddable":true,"href":"https:\/\/www.apartamentosllobet.com\/it\/wp-json\/wp\/v2\/comments?post=2805"}],"version-history":[{"count":1,"href":"https:\/\/www.apartamentosllobet.com\/it\/wp-json\/wp\/v2\/pages\/2805\/revisions"}],"predecessor-version":[{"id":2810,"href":"https:\/\/www.apartamentosllobet.com\/it\/wp-json\/wp\/v2\/pages\/2805\/revisions\/2810"}],"wp:attachment":[{"href":"https:\/\/www.apartamentosllobet.com\/it\/wp-json\/wp\/v2\/media?parent=2805"}],"curies":[{"name":"wp","href":"https:\/\/api.w.org\/{rel}","templated":true}]}}