{"id":2844,"date":"2025-07-25T08:56:59","date_gmt":"2025-07-25T06:56:59","guid":{"rendered":"https:\/\/www.apartamentosllobet.com\/aviso-legal\/"},"modified":"2025-07-25T10:22:55","modified_gmt":"2025-07-25T08:22:55","slug":"avis-juridique","status":"publish","type":"page","link":"https:\/\/www.apartamentosllobet.com\/fr\/avis-juridique\/","title":{"rendered":"Avis juridique"},"content":{"rendered":"\t\t<div data-elementor-type=\"wp-page\" data-elementor-id=\"2844\" class=\"elementor elementor-2844 elementor-185\" data-elementor-post-type=\"page\">\n\t\t\t\t<div class=\"elementor-element elementor-element-f3ec55d e-flex e-con-boxed e-con e-parent\" data-id=\"f3ec55d\" data-element_type=\"container\" data-e-type=\"container\">\n\t\t\t\t\t<div class=\"e-con-inner\">\n\t\t\t\t<div class=\"elementor-element elementor-element-0c0d297 elementor-widget elementor-widget-text-editor\" data-id=\"0c0d297\" data-element_type=\"widget\" data-e-type=\"widget\" data-widget_type=\"text-editor.default\">\n\t\t\t\t<div class=\"elementor-widget-container\">\n\t\t\t\t\t\t\t\t\t<p>LLOBET TUR SA, responsable du site web, ci-apr\u00e8s d\u00e9nomm\u00e9 RESPONSABLE, met \u00e0 la disposition des utilisateurs le pr\u00e9sent document, avec lequel elle entend respecter les obligations pr\u00e9vues par la loi 34\/2002, du 11 juillet, relative aux services de la soci\u00e9t\u00e9 de l&rsquo;information et au commerce \u00e9lectronique (LSSICE), BOE n\u00b0 166, ainsi qu&rsquo;informer tous les utilisateurs du site web des conditions d&rsquo;utilisation.<\/p>\n<p>Toute personne acc\u00e9dant \u00e0 ce site web assume le r\u00f4le d&rsquo;utilisateur et s&rsquo;engage \u00e0 observer et \u00e0 respecter scrupuleusement les dispositions du pr\u00e9sent document, ainsi que toute autre disposition l\u00e9gale applicable.<\/p>\n<p>LLOBET TUR SA se r\u00e9serve le droit de modifier tout type d&rsquo;information pouvant figurer sur le site web, sans obligation de pr\u00e9avis ni d&rsquo;informer les utilisateurs de ces obligations, la publication sur le site web de LLOBET TUR SA \u00e9tant consid\u00e9r\u00e9e comme suffisante.<\/p>\n<h4><strong>1. DONN\u00c9ES D&rsquo;IDENTIFICATION<\/strong><\/h4>\n<p>Nom de domaine : apartamentosllobet.com<br \/>Nom commercial : APARTAMENTOS LLOBET<br \/>Nom commercial : LLOBET TUR SA<br \/>NIF : A07283781<br \/>Si\u00e8ge social : Calle Alejandro Llobet, N\u00ba 6 , 07800 Ibiza (ILLES BALEARS)<br \/>T\u00e9l\u00e9phone : 971304124<br \/>e-mail : <a href=\"mailto:info@apartamentosllobet.com\">info@apartamentosllobet.com<\/a><br \/>Inscrit au registre du commerce et des soci\u00e9t\u00e9s : ILLES BALEARS, volume 26, folio 5, livre 26, page IB-1179, inscription 6.<\/p>\n<h4><strong>2. DROITS DE PROPRI\u00c9T\u00c9 INTELLECTUELLE ET INDUSTRIELLE<\/strong><\/h4>\n<p>Le site web, y compris, mais sans s&rsquo;y limiter, sa programmation, son \u00e9dition, sa compilation et les autres \u00e9l\u00e9ments n\u00e9cessaires \u00e0 son fonctionnement, les dessins, les logos, les textes et\/ou les graphiques, sont la propri\u00e9t\u00e9 du RESPONSABLE ou, le cas \u00e9ch\u00e9ant, font l&rsquo;objet d&rsquo;une licence ou d&rsquo;une autorisation expresse de la part des auteurs. Tous les contenus du site Web sont d\u00fbment prot\u00e9g\u00e9s par la r\u00e9glementation en mati\u00e8re de propri\u00e9t\u00e9 intellectuelle et industrielle, et inscrits dans les registres publics correspondants. Ind\u00e9pendamment de la finalit\u00e9 \u00e0 laquelle ils sont destin\u00e9s, la reproduction, l&rsquo;utilisation, l&rsquo;exploitation, la distribution et la commercialisation, totales ou partielles, requi\u00e8rent dans tous les cas l&rsquo;autorisation \u00e9crite pr\u00e9alable du RESPONSABLE. Toute utilisation non autoris\u00e9e au pr\u00e9alable est consid\u00e9r\u00e9e comme une violation grave des droits de propri\u00e9t\u00e9 intellectuelle ou industrielle de l&rsquo;auteur.<br \/>Les dessins, logos, textes et\/ou graphiques qui n&rsquo;appartiennent pas au RESPONSABLE et qui peuvent appara\u00eetre sur le site Web appartiennent \u00e0 leurs propri\u00e9taires respectifs, qui sont eux-m\u00eames responsables de toute controverse \u00e9ventuelle \u00e0 leur sujet. Le RESPONSABLE autorise express\u00e9ment les tiers \u00e0 rediriger directement vers les contenus sp\u00e9cifiques du site, et dans tous les cas \u00e0 rediriger vers le site principal de apartamentosllobet.com. Le RESPONSABLE reconna\u00eet en faveur de leurs propri\u00e9taires les droits de propri\u00e9t\u00e9 intellectuelle et industrielle correspondants, et leur simple mention ou apparition sur le site web n&rsquo;implique pas l&rsquo;existence d&rsquo;un droit ou d&rsquo;une responsabilit\u00e9 quelconque sur eux, ni d&rsquo;une approbation, d&rsquo;un parrainage ou d&rsquo;une recommandation de la part du RESPONSABLE.     <\/p>\n<p>Pour faire des commentaires sur d&rsquo;\u00e9ventuelles violations des droits de propri\u00e9t\u00e9 intellectuelle ou industrielle, ainsi que sur n&rsquo;importe quel contenu du site web, vous pouvez envoyer un courrier \u00e9lectronique \u00e0 <a href=\"mailto:info@apartamentosllobet.com\">info@apartamentosllobet.com<\/a>.<\/p>\n<h4><strong>3. EXON\u00c9RATION DE RESPONSABILIT\u00c9<\/strong><\/h4>\n<p>Le RESPONSABLE d\u00e9cline toute responsabilit\u00e9 pour les informations publi\u00e9es sur son site web si ces informations ont \u00e9t\u00e9 manipul\u00e9es ou introduites par un tiers ext\u00e9rieur \u00e0 celui-ci.<\/p>\n<p><strong>Utilisation des cookies<\/strong><\/p>\n<p>Ce site web peut utiliser des cookies techniques (petits fichiers d&rsquo;information que le serveur envoie \u00e0 l&rsquo;ordinateur de la personne qui acc\u00e8de \u00e0 la page) pour ex\u00e9cuter certaines fonctions consid\u00e9r\u00e9es comme essentielles au bon fonctionnement et \u00e0 la visualisation du site. Les cookies utilis\u00e9s sont, dans tous les cas, de nature temporaire, dans le seul but de rendre la navigation plus efficace, et disparaissent \u00e0 la fin de la session de l&rsquo;utilisateur. En aucun cas ces cookies ne fournissent eux-m\u00eames des donn\u00e9es \u00e0 caract\u00e8re personnel et ils ne seront pas utilis\u00e9s pour collecter de telles donn\u00e9es.  <\/p>\n<p>L&rsquo;utilisation de cookies permet \u00e9galement au serveur o\u00f9 se trouve le site web de reconna\u00eetre le navigateur utilis\u00e9 par l&rsquo;utilisateur afin de faciliter la navigation, en permettant, par exemple, aux utilisateurs qui se sont pr\u00e9alablement enregistr\u00e9s d&rsquo;acc\u00e9der aux zones, services, promotions ou concours qui leur sont exclusivement r\u00e9serv\u00e9s sans avoir \u00e0 s&rsquo;enregistrer \u00e0 chaque visite. Ils peuvent \u00e9galement \u00eatre utilis\u00e9s pour mesurer l&rsquo;audience, les param\u00e8tres de trafic, contr\u00f4ler le d\u00e9roulement et le nombre d&rsquo;inscriptions, etc., \u00e9tant dans ces cas des cookies techniquement dispensables, mais b\u00e9n\u00e9fiques pour l&rsquo;utilisateur. Ce site web n&rsquo;installera pas de cookies dispensables sans le consentement pr\u00e9alable de l&rsquo;utilisateur.  <\/p>\n<p>Ce site web utilise ses propres cookies et ceux de tiers \u00e0 des fins d&rsquo;analyse et pour vous pr\u00e9senter des publicit\u00e9s personnalis\u00e9es en fonction d&rsquo;un profil \u00e9tabli sur la base de vos habitudes de navigation (par exemple, les pages visit\u00e9es). Tous les utilisateurs qui visitent le site web sont inform\u00e9s de l&rsquo;utilisation de ces cookies au moyen d&rsquo;une banni\u00e8re flottante. Si vous acceptez leur utilisation, la banni\u00e8re dispara\u00eet, mais vous pouvez \u00e0 tout moment r\u00e9voquer votre consentement et obtenir plus d&rsquo;informations en consultant notre Politique en mati\u00e8re de cookies. L&rsquo;utilisateur a la possibilit\u00e9 de configurer son navigateur pour \u00eatre alert\u00e9 de la r\u00e9ception de cookies et pour emp\u00eacher leur installation sur son ordinateur. Veuillez consulter les instructions de votre navigateur pour plus d&rsquo;informations.    <\/p>\n<p><strong>Politique de liaison<\/strong><\/p>\n<p>Depuis le site web, il est possible que vous soyez redirig\u00e9 vers des contenus de sites web de tiers. \u00c9tant donn\u00e9 que le RESPONSABLE ne peut pas toujours contr\u00f4ler les contenus introduits par des tiers sur leurs sites web respectifs, il n&rsquo;assume aucun type de responsabilit\u00e9 \u00e0 l&rsquo;\u00e9gard desdits contenus. Dans tous les cas, il retirera imm\u00e9diatement tout contenu susceptible de contrevenir \u00e0 la l\u00e9gislation nationale ou internationale, \u00e0 la morale ou \u00e0 l&rsquo;ordre public, en proc\u00e9dant au retrait imm\u00e9diat de la redirection vers ledit site web, en informant les autorit\u00e9s comp\u00e9tentes du contenu en question.<br \/>Le RESPONSABLE n&rsquo;est pas responsable des informations et des contenus stock\u00e9s, y compris, mais sans s&rsquo;y limiter, dans les forums, les chats, les g\u00e9n\u00e9rateurs de blogs, les commentaires, les r\u00e9seaux sociaux ou tout autre support permettant \u00e0 des tiers de publier des contenus de mani\u00e8re ind\u00e9pendante sur le site web du RESPONSABLE. Toutefois, et conform\u00e9ment aux dispositions des articles 11 et 16 de la LSSICE, il se met \u00e0 la disposition de tous les utilisateurs, autorit\u00e9s et forces de s\u00e9curit\u00e9, en collaborant activement au retrait ou, le cas \u00e9ch\u00e9ant, au blocage de tous les contenus susceptibles d&rsquo;affecter ou de contrevenir \u00e0 la l\u00e9gislation nationale ou internationale, aux droits des tiers ou \u00e0 la morale et \u00e0 l&rsquo;ordre public. Si l&rsquo;utilisateur consid\u00e8re qu&rsquo;il existe sur le site un contenu susceptible d&rsquo;\u00eatre class\u00e9 dans cette cat\u00e9gorie, il est pri\u00e9 d&rsquo;en informer imm\u00e9diatement l&rsquo;administrateur du site.<br \/>Ce site a \u00e9t\u00e9 v\u00e9rifi\u00e9 et test\u00e9 afin d&rsquo;en garantir le bon fonctionnement. En principe, son bon fonctionnement peut \u00eatre garanti 365 jours par an, 24 heures par jour. Toutefois, le RESPONSABLE n&rsquo;exclut pas la possibilit\u00e9 de certaines erreurs de programmation ou la survenance de cas de force majeure, de catastrophes naturelles, de gr\u00e8ves ou de circonstances similaires rendant impossible l&rsquo;acc\u00e8s au site web.      <\/p>\n<p><strong>Adresses IP<\/strong><\/p>\n<p>Les serveurs du site web pourront d\u00e9tecter automatiquement l&rsquo;adresse IP et le nom de domaine utilis\u00e9s par l&rsquo;utilisateur. L&rsquo;adresse IP est un num\u00e9ro automatiquement attribu\u00e9 \u00e0 un ordinateur lorsqu&rsquo;il se connecte \u00e0 Internet. Toutes ces informations sont enregistr\u00e9es dans un fichier d&rsquo;activit\u00e9 du serveur d\u00fbment enregistr\u00e9 qui permet le traitement ult\u00e9rieur des donn\u00e9es afin d&rsquo;obtenir des mesures purement statistiques permettant de conna\u00eetre le nombre d&rsquo;impressions de pages, le nombre de visites effectu\u00e9es sur les serveurs web, l&rsquo;ordre des visites, le point d&rsquo;acc\u00e8s, etc.  <\/p>\n<h4><strong>4. DROIT APPLICABLE ET JURIDICTION<\/strong><\/h4>\n<p>Pour la r\u00e9solution de tous les litiges ou questions li\u00e9s \u00e0 ce site Web ou aux activit\u00e9s qui y sont men\u00e9es, la l\u00e9gislation espagnole s&rsquo;applique, \u00e0 laquelle les parties se soumettent express\u00e9ment, et les cours et tribunaux les plus proches d&rsquo;Ibiza sont comp\u00e9tents pour la r\u00e9solution de tous les litiges d\u00e9coulant de son utilisation ou li\u00e9s \u00e0 celle-ci.<\/p>\n\t\t\t\t\t\t\t\t<\/div>\n\t\t\t\t<\/div>\n\t\t\t\t\t<\/div>\n\t\t\t\t<\/div>\n\t\t\t\t<\/div>\n\t\t","protected":false},"excerpt":{"rendered":"<p>LLOBET TUR SA, responsable du site web, ci-apr\u00e8s d\u00e9nomm\u00e9 RESPONSABLE, met \u00e0 la disposition des utilisateurs le pr\u00e9sent document, avec lequel elle entend respecter les obligations pr\u00e9vues par la loi 34\/2002, du 11 juillet, relative aux services de la soci\u00e9t\u00e9 de l&rsquo;information et au commerce \u00e9lectronique (LSSICE), BOE n\u00b0 166, ainsi qu&rsquo;informer tous les utilisateurs [&hellip;]<\/p>\n","protected":false},"author":1,"featured_media":0,"parent":0,"menu_order":0,"comment_status":"closed","ping_status":"closed","template":"","meta":{"footnotes":""},"class_list":["post-2844","page","type-page","status-publish","hentry"],"_links":{"self":[{"href":"https:\/\/www.apartamentosllobet.com\/fr\/wp-json\/wp\/v2\/pages\/2844","targetHints":{"allow":["GET"]}}],"collection":[{"href":"https:\/\/www.apartamentosllobet.com\/fr\/wp-json\/wp\/v2\/pages"}],"about":[{"href":"https:\/\/www.apartamentosllobet.com\/fr\/wp-json\/wp\/v2\/types\/page"}],"author":[{"embeddable":true,"href":"https:\/\/www.apartamentosllobet.com\/fr\/wp-json\/wp\/v2\/users\/1"}],"replies":[{"embeddable":true,"href":"https:\/\/www.apartamentosllobet.com\/fr\/wp-json\/wp\/v2\/comments?post=2844"}],"version-history":[{"count":1,"href":"https:\/\/www.apartamentosllobet.com\/fr\/wp-json\/wp\/v2\/pages\/2844\/revisions"}],"predecessor-version":[{"id":2845,"href":"https:\/\/www.apartamentosllobet.com\/fr\/wp-json\/wp\/v2\/pages\/2844\/revisions\/2845"}],"wp:attachment":[{"href":"https:\/\/www.apartamentosllobet.com\/fr\/wp-json\/wp\/v2\/media?parent=2844"}],"curies":[{"name":"wp","href":"https:\/\/api.w.org\/{rel}","templated":true}]}}