{"id":2807,"date":"2025-07-25T08:56:52","date_gmt":"2025-07-25T06:56:52","guid":{"rendered":"https:\/\/www.apartamentosllobet.com\/politica-de-cookies\/"},"modified":"2025-07-25T10:26:17","modified_gmt":"2025-07-25T08:26:17","slug":"politique-en-matiere-de-cookies","status":"publish","type":"page","link":"https:\/\/www.apartamentosllobet.com\/fr\/politique-en-matiere-de-cookies\/","title":{"rendered":"Politique en mati\u00e8re de cookies"},"content":{"rendered":"\t\t<div data-elementor-type=\"wp-page\" data-elementor-id=\"2807\" class=\"elementor elementor-2807 elementor-195\" data-elementor-post-type=\"page\">\n\t\t\t\t<div class=\"elementor-element elementor-element-f9f2d92 e-flex e-con-boxed e-con e-parent\" data-id=\"f9f2d92\" data-element_type=\"container\" data-e-type=\"container\">\n\t\t\t\t\t<div class=\"e-con-inner\">\n\t\t\t\t<div class=\"elementor-element elementor-element-6fe996d elementor-widget elementor-widget-text-editor\" data-id=\"6fe996d\" data-element_type=\"widget\" data-e-type=\"widget\" data-widget_type=\"text-editor.default\">\n\t\t\t\t<div class=\"elementor-widget-container\">\n\t\t\t\t\t\t\t\t\t<h4><strong>INFORMATIONS SUR LES COOKIES<\/strong><\/h4>\n<p>En raison de l&rsquo;entr\u00e9e en vigueur de la modification de la \u00ab\u00a0Ley de Servicios de la Sociedad de la Informaci\u00f3n\u00a0\u00bb (LSSICE) \u00e9tablie par le d\u00e9cret royal 13\/2012, il est obligatoire d&rsquo;obtenir le consentement expr\u00e8s de l&rsquo;utilisateur de tous les sites Web qui utilisent des cookies dispensables, avant que l&rsquo;utilisateur ne navigue sur ces sites.<\/p>\n<h4><strong>QU&rsquo;EST-CE QU&rsquo;UN BISCUIT ?<\/strong><\/h4>\n<p>Les cookies et autres technologies similaires telles que les objets locaux partag\u00e9s, les cookies flash ou les pixels sont des outils utilis\u00e9s par les serveurs web pour stocker et r\u00e9cup\u00e9rer des informations sur leurs visiteurs et pour assurer le bon fonctionnement du site.<\/p>\n<p>L&rsquo;utilisation de ces dispositifs permet au serveur web de m\u00e9moriser certaines donn\u00e9es concernant l&rsquo;utilisateur, telles que ses pr\u00e9f\u00e9rences en mati\u00e8re de consultation des pages de ce serveur, son nom et son mot de passe, les produits qui l&rsquo;int\u00e9ressent le plus, etc.<\/p>\n<h4><strong>COOKIES CONCERN\u00c9S PAR LE R\u00c8GLEMENT ET COOKIES EXEMPT\u00c9S<\/strong><\/h4>\n<p>Selon la directive europ\u00e9enne, les cookies qui requi\u00e8rent le consentement \u00e9clair\u00e9 de l&rsquo;utilisateur sont les cookies analytiques et les cookies publicitaires et d&rsquo;affiliation, \u00e0 l&rsquo;exception des cookies techniques et de ceux qui sont n\u00e9cessaires au fonctionnement du site web ou \u00e0 la fourniture de services express\u00e9ment demand\u00e9s par l&rsquo;utilisateur.<\/p>\n<h4><strong><br \/>TYPES DE COOKIES<\/strong><\/h4>\n<p><strong>EN FONCTION DE L&rsquo;OBJECTIF<\/strong><\/p>\n<ul>\n<li><strong>Cookies techniques et fonctionnels :<\/strong> il s&rsquo;agit de cookies qui permettent \u00e0 l&rsquo;utilisateur de naviguer sur un site web, une plateforme ou une application et d&rsquo;utiliser les diff\u00e9rentes options ou services qui y sont propos\u00e9s.<\/li>\n<li><strong>Cookies analytiques : il<\/strong> s&rsquo;agit de cookies qui permettent au responsable de suivre et d&rsquo;analyser le comportement des utilisateurs des sites web auxquels ils sont li\u00e9s. Les informations collect\u00e9es par ce type de cookies sont utilis\u00e9es pour mesurer l&rsquo;activit\u00e9 des sites web, de l&rsquo;application ou de la plateforme et pour l&rsquo;\u00e9laboration de profils de navigation des utilisateurs de ces sites, applications et plateformes, afin d&rsquo;introduire des am\u00e9liorations bas\u00e9es sur l&rsquo;analyse des donn\u00e9es d&rsquo;utilisation des utilisateurs du service. <\/li>\n<li><strong>Cookies publicitaires :<\/strong> ce sont ceux qui permettent de g\u00e9rer, de la mani\u00e8re la plus efficace possible, les espaces publicitaires que, le cas \u00e9ch\u00e9ant, l&rsquo;\u00e9diteur a inclus sur un site web, une application ou une plateforme \u00e0 partir de laquelle le service demand\u00e9 est fourni, sur la base de crit\u00e8res tels que le contenu \u00e9dit\u00e9 ou la fr\u00e9quence \u00e0 laquelle les publicit\u00e9s sont affich\u00e9es.<\/li>\n<li><strong>Cookies de publicit\u00e9 comportementale : ils<\/strong> collectent des informations sur les pr\u00e9f\u00e9rences et les choix personnels de l&rsquo;utilisateur (retargeting) pour permettre de g\u00e9rer, de la mani\u00e8re la plus efficace possible, les espaces publicitaires que, le cas \u00e9ch\u00e9ant, l&rsquo;\u00e9diteur a inclus sur un site web, une application ou une plateforme \u00e0 partir desquels le service demand\u00e9 est fourni.<\/li>\n<li><strong>Cookies sociaux :<\/strong> ils sont d\u00e9finis par les plateformes de m\u00e9dias sociaux sur les Services pour vous permettre de partager du contenu avec vos amis et vos r\u00e9seaux. Les plateformes de m\u00e9dias sociaux ont la possibilit\u00e9 de suivre votre activit\u00e9 en ligne en dehors des Services. Cela peut affecter le contenu et les messages que vous voyez sur d&rsquo;autres services que vous visitez.  <\/li>\n<li><strong>Cookies d&rsquo;affiliation : ils<\/strong> permettent de suivre les visites d&rsquo;autres sites web avec lesquels le site web a un contrat d&rsquo;affiliation (soci\u00e9t\u00e9s d&rsquo;affiliation).<\/li>\n<li><strong>Cookies de s\u00e9curit\u00e9 : ils<\/strong> stockent des informations crypt\u00e9es pour \u00e9viter que les donn\u00e9es qu&rsquo;ils contiennent ne soient vuln\u00e9rables \u00e0 des attaques malveillantes de la part de tiers.<\/li>\n<\/ul>\n<p><strong>EN FONCTION DE LA PROPRI\u00c9T\u00c9<\/strong><\/p>\n<ul>\n<li><strong>Cookies propres :<\/strong> ce sont ceux qui sont envoy\u00e9s \u00e0 l&rsquo;\u00e9quipement terminal de l&rsquo;utilisateur \u00e0 partir d&rsquo;un ordinateur ou d&rsquo;un domaine g\u00e9r\u00e9 par l&rsquo;\u00e9diteur lui-m\u00eame et \u00e0 partir duquel le service demand\u00e9 par l&rsquo;utilisateur est fourni.<\/li>\n<li><strong>Cookies de tiers : il<\/strong> s&rsquo;agit de cookies envoy\u00e9s \u00e0 l&rsquo;\u00e9quipement terminal de l&rsquo;utilisateur \u00e0 partir d&rsquo;un ordinateur ou d&rsquo;un domaine qui n&rsquo;est pas g\u00e9r\u00e9 par l&rsquo;\u00e9diteur, mais par une autre entit\u00e9 qui traite les donn\u00e9es obtenues par le biais des cookies.<\/li>\n<\/ul>\n<p><strong>EN FONCTION DE LA DUR\u00c9E DE CONSERVATION<\/strong><\/p>\n<ul>\n<li><strong>Cookies de session :<\/strong> il s&rsquo;agit d&rsquo;un type de cookie con\u00e7u pour collecter et stocker des donn\u00e9es pendant que l&rsquo;utilisateur acc\u00e8de \u00e0 une page web.<\/li>\n<li><strong>Cookies persistants : il<\/strong> s&rsquo;agit d&rsquo;un type de cookie dans lequel les donn\u00e9es restent stock\u00e9es dans le terminal et peuvent \u00eatre consult\u00e9es et trait\u00e9es pendant une p\u00e9riode d\u00e9finie par le responsable du cookie, qui peut aller de quelques minutes \u00e0 plusieurs ann\u00e9es.<\/li>\n<\/ul>\n<h4><strong><br \/>TRAITEMENT DES DONN\u00c9ES \u00c0 CARACT\u00c8RE PERSONNEL<\/strong><\/h4>\n<p>LLOBET TUR SA est le <strong>contr\u00f4leur des<\/strong> donn\u00e9es personnelles de la <strong>personne concern\u00e9e<\/strong> et vous informe que ces donn\u00e9es seront trait\u00e9es conform\u00e9ment aux dispositions du R\u00e8glement (UE) 2016\/679 du 27 avril 2016 (GDPR), pour lequel les informations de traitement suivantes vous sont fournies :<\/p>\n<p><strong>Finalit\u00e9s du traitement :<\/strong> comme sp\u00e9cifi\u00e9 dans la section sur les cookies utilis\u00e9s sur ce site web.<br \/><strong>L\u00e9gitimation du traitement :<\/strong> par le consentement de la personne concern\u00e9e (art. 6.1 GDPR).<br \/><strong>Crit\u00e8res de conservation des donn\u00e9es :<\/strong> comme sp\u00e9cifi\u00e9 dans la section sur les cookies utilis\u00e9s sur le site web.<br \/><strong>Communication des donn\u00e9es : les<\/strong> donn\u00e9es ne seront pas communiqu\u00e9es \u00e0 des tiers, sauf dans les cookies appartenant \u00e0 des tiers ou par obligation l\u00e9gale.<\/p>\n<p><strong>Droits de la partie int\u00e9ress\u00e9e :<\/strong><\/p>\n<ul>\n<li>Droit de retirer son consentement \u00e0 tout moment.<\/li>\n<li>Le droit d&rsquo;acc\u00e8s, de rectification, de portabilit\u00e9 et d&rsquo;effacement de vos donn\u00e9es, ainsi que le droit de limiter leur traitement ou de s&rsquo;y opposer.<\/li>\n<li>Le droit d&rsquo;introduire une r\u00e9clamation aupr\u00e8s de l&rsquo;autorit\u00e9 de contr\u00f4le (www.aepd.es) si vous estimez que le traitement n&rsquo;est pas conforme \u00e0 la r\u00e9glementation en vigueur.<\/li>\n<\/ul>\n<p><strong>Coordonn\u00e9es pour l&rsquo;exercice de vos droits :<\/strong><\/p>\n<p>LLOBET TUR SA. Calle Alejandro Llobet, N\u00ba 6, -07800 Ibiza (Illes Balears). Courriel : <a href=\"mailto:info@apartamentosllobet.com\">info@apartamentosllobet.com<\/a>  <\/p>\n\t\t\t\t\t\t\t\t<\/div>\n\t\t\t\t<\/div>\n\t\t\t\t\t<\/div>\n\t\t\t\t<\/div>\n\t\t\t\t<\/div>\n\t\t","protected":false},"excerpt":{"rendered":"<p>INFORMATIONS SUR LES COOKIES En raison de l&rsquo;entr\u00e9e en vigueur de la modification de la \u00ab\u00a0Ley de Servicios de la Sociedad de la Informaci\u00f3n\u00a0\u00bb (LSSICE) \u00e9tablie par le d\u00e9cret royal 13\/2012, il est obligatoire d&rsquo;obtenir le consentement expr\u00e8s de l&rsquo;utilisateur de tous les sites Web qui utilisent des cookies dispensables, avant que l&rsquo;utilisateur ne navigue [&hellip;]<\/p>\n","protected":false},"author":1,"featured_media":0,"parent":0,"menu_order":0,"comment_status":"closed","ping_status":"closed","template":"","meta":{"footnotes":""},"class_list":["post-2807","page","type-page","status-publish","hentry"],"_links":{"self":[{"href":"https:\/\/www.apartamentosllobet.com\/fr\/wp-json\/wp\/v2\/pages\/2807","targetHints":{"allow":["GET"]}}],"collection":[{"href":"https:\/\/www.apartamentosllobet.com\/fr\/wp-json\/wp\/v2\/pages"}],"about":[{"href":"https:\/\/www.apartamentosllobet.com\/fr\/wp-json\/wp\/v2\/types\/page"}],"author":[{"embeddable":true,"href":"https:\/\/www.apartamentosllobet.com\/fr\/wp-json\/wp\/v2\/users\/1"}],"replies":[{"embeddable":true,"href":"https:\/\/www.apartamentosllobet.com\/fr\/wp-json\/wp\/v2\/comments?post=2807"}],"version-history":[{"count":1,"href":"https:\/\/www.apartamentosllobet.com\/fr\/wp-json\/wp\/v2\/pages\/2807\/revisions"}],"predecessor-version":[{"id":2811,"href":"https:\/\/www.apartamentosllobet.com\/fr\/wp-json\/wp\/v2\/pages\/2807\/revisions\/2811"}],"wp:attachment":[{"href":"https:\/\/www.apartamentosllobet.com\/fr\/wp-json\/wp\/v2\/media?parent=2807"}],"curies":[{"name":"wp","href":"https:\/\/api.w.org\/{rel}","templated":true}]}}