{"id":2763,"date":"2025-07-25T08:56:42","date_gmt":"2025-07-25T06:56:42","guid":{"rendered":"https:\/\/www.apartamentosllobet.com\/gracias\/"},"modified":"2025-07-25T10:24:04","modified_gmt":"2025-07-25T08:24:04","slug":"merci-davoir-contacte","status":"publish","type":"page","link":"https:\/\/www.apartamentosllobet.com\/fr\/merci-davoir-contacte\/","title":{"rendered":"Merci d&rsquo;avoir contact\u00e9"},"content":{"rendered":"\t\t<div data-elementor-type=\"wp-page\" data-elementor-id=\"2763\" class=\"elementor elementor-2763 elementor-264\" data-elementor-post-type=\"page\">\n\t\t\t\t<div class=\"elementor-element elementor-element-b6d0be4 e-flex e-con-boxed e-con e-parent\" data-id=\"b6d0be4\" data-element_type=\"container\" data-e-type=\"container\" data-settings=\"{&quot;background_background&quot;:&quot;classic&quot;}\">\n\t\t\t\t\t<div class=\"e-con-inner\">\n\t\t\t\t<div class=\"elementor-element elementor-element-590efa8 elementor-widget__width-inherit elementor-widget elementor-widget-text-editor\" data-id=\"590efa8\" data-element_type=\"widget\" data-e-type=\"widget\" data-widget_type=\"text-editor.default\">\n\t\t\t\t<div class=\"elementor-widget-container\">\n\t\t\t\t\t\t\t\t\t<p>Notre \u00e9quipe vous contactera dans les plus brefs d\u00e9lais. N&rsquo;oubliez pas de v\u00e9rifier votre dossier spam. <\/p>\n\t\t\t\t\t\t\t\t<\/div>\n\t\t\t\t<\/div>\n\t\t\t\t\t<\/div>\n\t\t\t\t<\/div>\n\t\t\t\t<\/div>\n\t\t","protected":false},"excerpt":{"rendered":"<p>Notre \u00e9quipe vous contactera dans les plus brefs d\u00e9lais. N&rsquo;oubliez pas de v\u00e9rifier votre dossier spam.<\/p>\n","protected":false},"author":1,"featured_media":0,"parent":0,"menu_order":0,"comment_status":"closed","ping_status":"closed","template":"","meta":{"footnotes":""},"class_list":["post-2763","page","type-page","status-publish","hentry"],"_links":{"self":[{"href":"https:\/\/www.apartamentosllobet.com\/fr\/wp-json\/wp\/v2\/pages\/2763","targetHints":{"allow":["GET"]}}],"collection":[{"href":"https:\/\/www.apartamentosllobet.com\/fr\/wp-json\/wp\/v2\/pages"}],"about":[{"href":"https:\/\/www.apartamentosllobet.com\/fr\/wp-json\/wp\/v2\/types\/page"}],"author":[{"embeddable":true,"href":"https:\/\/www.apartamentosllobet.com\/fr\/wp-json\/wp\/v2\/users\/1"}],"replies":[{"embeddable":true,"href":"https:\/\/www.apartamentosllobet.com\/fr\/wp-json\/wp\/v2\/comments?post=2763"}],"version-history":[{"count":1,"href":"https:\/\/www.apartamentosllobet.com\/fr\/wp-json\/wp\/v2\/pages\/2763\/revisions"}],"predecessor-version":[{"id":2765,"href":"https:\/\/www.apartamentosllobet.com\/fr\/wp-json\/wp\/v2\/pages\/2763\/revisions\/2765"}],"wp:attachment":[{"href":"https:\/\/www.apartamentosllobet.com\/fr\/wp-json\/wp\/v2\/media?parent=2763"}],"curies":[{"name":"wp","href":"https:\/\/api.w.org\/{rel}","templated":true}]}}