{"id":2695,"date":"2025-07-25T08:46:35","date_gmt":"2025-07-25T06:46:35","guid":{"rendered":"https:\/\/www.apartamentosllobet.com\/pet-friendly\/"},"modified":"2025-07-25T10:27:03","modified_gmt":"2025-07-25T08:27:03","slug":"ami-des-animaux","status":"publish","type":"page","link":"https:\/\/www.apartamentosllobet.com\/fr\/services\/ami-des-animaux\/","title":{"rendered":"Ami des animaux"},"content":{"rendered":"\t\t<div data-elementor-type=\"wp-page\" data-elementor-id=\"2695\" class=\"elementor elementor-2695 elementor-343\" data-elementor-post-type=\"page\">\n\t\t\t\t<div class=\"elementor-element elementor-element-d878d80 e-flex e-con-boxed e-con e-parent\" data-id=\"d878d80\" data-element_type=\"container\" data-e-type=\"container\">\n\t\t\t\t\t<div class=\"e-con-inner\">\n\t\t\t\t<div class=\"elementor-element elementor-element-0c84329 elementor-invisible elementor-widget elementor-widget-image\" data-id=\"0c84329\" data-element_type=\"widget\" data-e-type=\"widget\" data-settings=\"{&quot;_animation&quot;:&quot;fadeInUp&quot;}\" data-widget_type=\"image.default\">\n\t\t\t\t<div class=\"elementor-widget-container\">\n\t\t\t\t\t\t\t\t\t\t\t\t\t\t\t<img fetchpriority=\"high\" decoding=\"async\" width=\"2000\" height=\"1333\" src=\"https:\/\/www.apartamentosllobet.com\/wp-content\/uploads\/2023\/05\/woman-puts-corgi-dog-puppy-into-suitcase-preparation-for-trip-arrival-at-hotel-adventure-tour.jpg\" class=\"attachment-full size-full wp-image-1155\" alt=\"woman Puts corgi dog, puppy, into suitcase. Preparation for trip, arrival at hotel, adventure, tour\" srcset=\"https:\/\/www.apartamentosllobet.com\/wp-content\/uploads\/2023\/05\/woman-puts-corgi-dog-puppy-into-suitcase-preparation-for-trip-arrival-at-hotel-adventure-tour.jpg 2000w, https:\/\/www.apartamentosllobet.com\/wp-content\/uploads\/2023\/05\/woman-puts-corgi-dog-puppy-into-suitcase-preparation-for-trip-arrival-at-hotel-adventure-tour-300x200.jpg 300w, https:\/\/www.apartamentosllobet.com\/wp-content\/uploads\/2023\/05\/woman-puts-corgi-dog-puppy-into-suitcase-preparation-for-trip-arrival-at-hotel-adventure-tour-1024x682.jpg 1024w, https:\/\/www.apartamentosllobet.com\/wp-content\/uploads\/2023\/05\/woman-puts-corgi-dog-puppy-into-suitcase-preparation-for-trip-arrival-at-hotel-adventure-tour-768x512.jpg 768w, https:\/\/www.apartamentosllobet.com\/wp-content\/uploads\/2023\/05\/woman-puts-corgi-dog-puppy-into-suitcase-preparation-for-trip-arrival-at-hotel-adventure-tour-1536x1024.jpg 1536w\" sizes=\"(max-width: 2000px) 100vw, 2000px\" \/>\t\t\t\t\t\t\t\t\t\t\t\t\t\t\t<\/div>\n\t\t\t\t<\/div>\n\t\t<div class=\"elementor-element elementor-element-8e470e3 e-con-full e-flex e-con e-child\" data-id=\"8e470e3\" data-element_type=\"container\" data-e-type=\"container\">\n\t\t\t\t<div class=\"elementor-element elementor-element-6fae1bd elementor-widget elementor-widget-heading\" data-id=\"6fae1bd\" data-element_type=\"widget\" data-e-type=\"widget\" data-widget_type=\"heading.default\">\n\t\t\t\t<div class=\"elementor-widget-container\">\n\t\t\t\t\t<h2 class=\"elementor-heading-title elementor-size-default\">Vos vacances \u00e0 Ibiza<\/h2>\t\t\t\t<\/div>\n\t\t\t\t<\/div>\n\t\t\t\t<div class=\"elementor-element elementor-element-e9dac21 elementor-widget elementor-widget-heading\" data-id=\"e9dac21\" data-element_type=\"widget\" data-e-type=\"widget\" data-widget_type=\"heading.default\">\n\t\t\t\t<div class=\"elementor-widget-container\">\n\t\t\t\t\t<h2 class=\"elementor-heading-title elementor-size-default\">En compagnie de votre animal de compagnie !<\/h2>\t\t\t\t<\/div>\n\t\t\t\t<\/div>\n\t\t\t\t<div class=\"elementor-element elementor-element-06f8f10 elementor-widget elementor-widget-text-editor\" data-id=\"06f8f10\" data-element_type=\"widget\" data-e-type=\"widget\" data-widget_type=\"text-editor.default\">\n\t\t\t\t<div class=\"elementor-widget-container\">\n\t\t\t\t\t\t\t\t\t<p>Vous faites partie de ceux qui ne peuvent pas se s\u00e9parer de leur animal de compagnie m\u00eame pendant les vacances ? Votre chien et vous \u00eates ins\u00e9parables ? Vous refusez de voyager sans votre chat ? Les animaux de compagnie sont les bienvenus dans nos installations et nos appartements ! Les animaux de compagnie font partie de la famille, et aux Appartements Llobet nous le savons, nous sommes un aparthotel accueillant pour les animaux de compagnie ! Dans nos appartements, situ\u00e9s sur la plage de Figueretas, Ibiza, en bord de mer, nous sommes ravis de vous accueillir, que vous voyagiez en famille, en couple ou entre amis, sans avoir \u00e0 vous s\u00e9parer de vos animaux de compagnie pendant votre s\u00e9jour sur l&rsquo;\u00eele.      <\/p>\n\t\t\t\t\t\t\t\t<\/div>\n\t\t\t\t<\/div>\n\t\t\t\t<\/div>\n\t\t\t\t\t<\/div>\n\t\t\t\t<\/div>\n\t\t<div class=\"elementor-element elementor-element-5d8d936 e-flex e-con-boxed e-con e-parent\" data-id=\"5d8d936\" data-element_type=\"container\" data-e-type=\"container\">\n\t\t\t\t\t<div class=\"e-con-inner\">\n\t\t\t\t<div class=\"elementor-element elementor-element-d3ca041 elementor-widget elementor-widget-heading\" data-id=\"d3ca041\" data-element_type=\"widget\" data-e-type=\"widget\" data-widget_type=\"heading.default\">\n\t\t\t\t<div class=\"elementor-widget-container\">\n\t\t\t\t\t<h2 class=\"elementor-heading-title elementor-size-default\">Conditions<\/h2>\t\t\t\t<\/div>\n\t\t\t\t<\/div>\n\t\t\t\t<div class=\"elementor-element elementor-element-b71166c elementor-widget__width-inherit elementor-widget elementor-widget-text-editor\" data-id=\"b71166c\" data-element_type=\"widget\" data-e-type=\"widget\" data-widget_type=\"text-editor.default\">\n\t\t\t\t<div class=\"elementor-widget-container\">\n\t\t\t\t\t\t\t\t\t<p>Les animaux domestiques peuvent \u00eatre h\u00e9berg\u00e9s dans nos appartements pour un suppl\u00e9ment de 15\u20ac\/nuit. Les chiens et les chats domestiques de petite et moyenne taille peuvent \u00eatre h\u00e9berg\u00e9s. Les h\u00f4tes doivent apporter une laisse ou un sac de transport pour les animaux, qui doivent \u00eatre gard\u00e9s sous contr\u00f4le \u00e0 l&rsquo;ext\u00e9rieur de l&rsquo;appartement.  <\/p>\n<p>Les animaux domestiques doivent \u00eatre gard\u00e9s dans leur cage ou tenus en laisse par leur propri\u00e9taire pendant le nettoyage de l&rsquo;appartement ou tout autre service effectu\u00e9 dans l&rsquo;appartement. Les animaux ne doivent en aucun cas \u00eatre laiss\u00e9s seuls pendant qu&rsquo;un service est effectu\u00e9 dans l&rsquo;appartement. <\/p>\n<p>Si l&rsquo;animal a l&rsquo;habitude de dormir sur le canap\u00e9, nous pouvons lui fournir une couverture. Un lit, une couverture et des bols pour animaux sont disponibles. Les h\u00f4tes doivent se d\u00e9barrasser des excr\u00e9ments de leur animal. Nous pouvons vous fournir des produits de nettoyage si n\u00e9cessaire. Les h\u00f4tes acceptent de payer les frais de propri\u00e9t\u00e9 pour les r\u00e9parations, le nettoyage ou les dommages caus\u00e9s par les animaux de compagnie ; ils sont responsables du bruit que les animaux peuvent faire et veilleront \u00e0 ce que les animaux ne perturbent pas ou n&rsquo;affectent pas la paix et la tranquillit\u00e9 des autres h\u00f4tes. Si l&rsquo;\u00e9tablissement estime que l&rsquo;animal de compagnie perturbe les autres h\u00f4tes, il peut, \u00e0 son enti\u00e8re discr\u00e9tion, demander que l&rsquo;animal soit log\u00e9 \u00e0 l&rsquo;ext\u00e9rieur des appartements.     <\/p>\n\t\t\t\t\t\t\t\t<\/div>\n\t\t\t\t<\/div>\n\t\t\t\t\t<\/div>\n\t\t\t\t<\/div>\n\t\t\t\t<\/div>\n\t\t","protected":false},"excerpt":{"rendered":"<p>Vos vacances \u00e0 Ibiza En compagnie de votre animal de compagnie ! Vous faites partie de ceux qui ne peuvent pas se s\u00e9parer de leur animal de compagnie m\u00eame pendant les vacances ? Votre chien et vous \u00eates ins\u00e9parables ? Vous refusez de voyager sans votre chat ? Les animaux de compagnie sont les bienvenus [&hellip;]<\/p>\n","protected":false},"author":1,"featured_media":0,"parent":2814,"menu_order":0,"comment_status":"closed","ping_status":"closed","template":"","meta":{"footnotes":""},"class_list":["post-2695","page","type-page","status-publish","hentry"],"_links":{"self":[{"href":"https:\/\/www.apartamentosllobet.com\/fr\/wp-json\/wp\/v2\/pages\/2695","targetHints":{"allow":["GET"]}}],"collection":[{"href":"https:\/\/www.apartamentosllobet.com\/fr\/wp-json\/wp\/v2\/pages"}],"about":[{"href":"https:\/\/www.apartamentosllobet.com\/fr\/wp-json\/wp\/v2\/types\/page"}],"author":[{"embeddable":true,"href":"https:\/\/www.apartamentosllobet.com\/fr\/wp-json\/wp\/v2\/users\/1"}],"replies":[{"embeddable":true,"href":"https:\/\/www.apartamentosllobet.com\/fr\/wp-json\/wp\/v2\/comments?post=2695"}],"version-history":[{"count":1,"href":"https:\/\/www.apartamentosllobet.com\/fr\/wp-json\/wp\/v2\/pages\/2695\/revisions"}],"predecessor-version":[{"id":2700,"href":"https:\/\/www.apartamentosllobet.com\/fr\/wp-json\/wp\/v2\/pages\/2695\/revisions\/2700"}],"up":[{"embeddable":true,"href":"https:\/\/www.apartamentosllobet.com\/fr\/wp-json\/wp\/v2\/pages\/2814"}],"wp:attachment":[{"href":"https:\/\/www.apartamentosllobet.com\/fr\/wp-json\/wp\/v2\/media?parent=2695"}],"curies":[{"name":"wp","href":"https:\/\/api.w.org\/{rel}","templated":true}]}}