{"id":2669,"date":"2025-07-25T08:46:33","date_gmt":"2025-07-25T06:46:33","guid":{"rendered":"https:\/\/www.apartamentosllobet.com\/preciosas-vistas\/"},"modified":"2025-07-25T10:27:23","modified_gmt":"2025-07-25T08:27:23","slug":"des-vues-magnifiques","status":"publish","type":"page","link":"https:\/\/www.apartamentosllobet.com\/fr\/services\/des-vues-magnifiques\/","title":{"rendered":"Des vues magnifiques"},"content":{"rendered":"\t\t<div data-elementor-type=\"wp-page\" data-elementor-id=\"2669\" class=\"elementor elementor-2669 elementor-335\" data-elementor-post-type=\"page\">\n\t\t\t\t<div class=\"elementor-element elementor-element-75061d0 e-flex e-con-boxed e-con e-parent\" data-id=\"75061d0\" data-element_type=\"container\" data-e-type=\"container\">\n\t\t\t\t\t<div class=\"e-con-inner\">\n\t\t\t\t<div class=\"elementor-element elementor-element-6851423 elementor-invisible elementor-widget elementor-widget-image\" data-id=\"6851423\" data-element_type=\"widget\" data-e-type=\"widget\" data-settings=\"{&quot;_animation&quot;:&quot;fadeInUp&quot;}\" data-widget_type=\"image.default\">\n\t\t\t\t<div class=\"elementor-widget-container\">\n\t\t\t\t\t\t\t\t\t\t\t\t\t\t\t<img fetchpriority=\"high\" decoding=\"async\" width=\"1920\" height=\"1280\" src=\"https:\/\/www.apartamentosllobet.com\/wp-content\/uploads\/2023\/05\/DSC01237.jpeg\" class=\"attachment-full size-full wp-image-966\" alt=\"\" srcset=\"https:\/\/www.apartamentosllobet.com\/wp-content\/uploads\/2023\/05\/DSC01237.jpeg 1920w, https:\/\/www.apartamentosllobet.com\/wp-content\/uploads\/2023\/05\/DSC01237-300x200.jpeg 300w, https:\/\/www.apartamentosllobet.com\/wp-content\/uploads\/2023\/05\/DSC01237-1024x683.jpeg 1024w, https:\/\/www.apartamentosllobet.com\/wp-content\/uploads\/2023\/05\/DSC01237-768x512.jpeg 768w, https:\/\/www.apartamentosllobet.com\/wp-content\/uploads\/2023\/05\/DSC01237-1536x1024.jpeg 1536w\" sizes=\"(max-width: 1920px) 100vw, 1920px\" \/>\t\t\t\t\t\t\t\t\t\t\t\t\t\t\t<\/div>\n\t\t\t\t<\/div>\n\t\t<div class=\"elementor-element elementor-element-01cbb6d e-con-full e-flex e-con e-child\" data-id=\"01cbb6d\" data-element_type=\"container\" data-e-type=\"container\">\n\t\t\t\t<div class=\"elementor-element elementor-element-344ddab elementor-widget elementor-widget-heading\" data-id=\"344ddab\" data-element_type=\"widget\" data-e-type=\"widget\" data-widget_type=\"heading.default\">\n\t\t\t\t<div class=\"elementor-widget-container\">\n\t\t\t\t\t<h2 class=\"elementor-heading-title elementor-size-default\">Vues de Dalt Vila<\/h2>\t\t\t\t<\/div>\n\t\t\t\t<\/div>\n\t\t\t\t<div class=\"elementor-element elementor-element-7dc7229 elementor-widget elementor-widget-heading\" data-id=\"7dc7229\" data-element_type=\"widget\" data-e-type=\"widget\" data-widget_type=\"heading.default\">\n\t\t\t\t<div class=\"elementor-widget-container\">\n\t\t\t\t\t<h2 class=\"elementor-heading-title elementor-size-default\">El Cielo de Llobet, o\u00f9 vous pouvez vous d\u00e9tendre et profiter de vues fantastiques.<\/h2>\t\t\t\t<\/div>\n\t\t\t\t<\/div>\n\t\t\t\t<div class=\"elementor-element elementor-element-68b88a4 elementor-widget elementor-widget-text-editor\" data-id=\"68b88a4\" data-element_type=\"widget\" data-e-type=\"widget\" data-widget_type=\"text-editor.default\">\n\t\t\t\t<div class=\"elementor-widget-container\">\n\t\t\t\t\t\t\t\t\t<p>Soleil, d\u00e9tente et&#8230; vues \u00e0 couper le souffle ! Voici notre Cielo, une terrasse spectaculaire situ\u00e9e au dernier \u00e9tage de l&rsquo;immeuble, avec une pelouse et des chaises longues, qui offre des vues panoramiques incroyables sur Dalt Vila, la vieille ville d&rsquo;Ibiza et l&rsquo;\u00eele voisine de Formentera. C&rsquo;est l&rsquo;endroit id\u00e9al pour admirer les magnifiques couchers de soleil, prendre un bain de soleil ou discuter tranquillement en compagnie de votre partenaire, de votre famille ou de vos amis. Un environnement unique et sp\u00e9cial qui vous garantit une exp\u00e9rience inoubliable lors de votre s\u00e9jour \u00e0 Ibiza, un joyau de la M\u00e9diterran\u00e9e.   <\/p>\n\t\t\t\t\t\t\t\t<\/div>\n\t\t\t\t<\/div>\n\t\t\t\t<\/div>\n\t\t\t\t\t<\/div>\n\t\t\t\t<\/div>\n\t\t<div class=\"elementor-element elementor-element-b576b1e e-flex e-con-boxed e-con e-parent\" data-id=\"b576b1e\" data-element_type=\"container\" data-e-type=\"container\">\n\t\t\t\t\t<div class=\"e-con-inner\">\n\t\t<div class=\"elementor-element elementor-element-42ff2db e-con-full e-flex e-con e-child\" data-id=\"42ff2db\" data-element_type=\"container\" data-e-type=\"container\">\n\t\t\t\t<div class=\"elementor-element elementor-element-8b125de elementor-widget elementor-widget-heading\" data-id=\"8b125de\" data-element_type=\"widget\" data-e-type=\"widget\" data-widget_type=\"heading.default\">\n\t\t\t\t<div class=\"elementor-widget-container\">\n\t\t\t\t\t<h2 class=\"elementor-heading-title elementor-size-default\">Chez B Llobet, nous...<\/h2>\t\t\t\t<\/div>\n\t\t\t\t<\/div>\n\t\t\t\t<div class=\"elementor-element elementor-element-640f8f5 elementor-widget elementor-widget-heading\" data-id=\"640f8f5\" data-element_type=\"widget\" data-e-type=\"widget\" data-widget_type=\"heading.default\">\n\t\t\t\t<div class=\"elementor-widget-container\">\n\t\t\t\t\t<h2 class=\"elementor-heading-title elementor-size-default\">Avec une vue imprenable sur Dalt Vila et Formentera<\/h2>\t\t\t\t<\/div>\n\t\t\t\t<\/div>\n\t\t\t\t<div class=\"elementor-element elementor-element-2f634f8 elementor-widget elementor-widget-text-editor\" data-id=\"2f634f8\" data-element_type=\"widget\" data-e-type=\"widget\" data-widget_type=\"text-editor.default\">\n\t\t\t\t<div class=\"elementor-widget-container\">\n\t\t\t\t\t\t\t\t\t<p>Imaginez que vous puissiez jouir d&rsquo;une vue sur la mer, sur le site de Dalt Vila, class\u00e9 au patrimoine mondial de l&rsquo;Unesco, et m\u00eame sur l&rsquo;\u00eele voisine de Formentera, le tout en un seul endroit : sur notre terrasse ensoleill\u00e9e avec piscine, situ\u00e9e dans la partie la plus \u00e9lev\u00e9e de l&rsquo;immeuble (5e \u00e9tage). La piscine, qui mesure 10 x 2 m\u00e8tres, vous invite \u00e0 faire un plongeon \u00e0 tout moment de la journ\u00e9e, puis \u00e0 vous d\u00e9tendre et \u00e0 bronzer sur les chaises longues situ\u00e9es \u00e0 c\u00f4t\u00e9 de la piscine (uniquement pour les clients de B Llobet). Vous ne serez pas d\u00e9\u00e7us !  <\/p>\n\t\t\t\t\t\t\t\t<\/div>\n\t\t\t\t<\/div>\n\t\t\t\t<\/div>\n\t\t\t\t<div class=\"elementor-element elementor-element-3aa0865 elementor-invisible elementor-widget elementor-widget-image\" data-id=\"3aa0865\" data-element_type=\"widget\" data-e-type=\"widget\" data-settings=\"{&quot;_animation&quot;:&quot;fadeInUp&quot;}\" data-widget_type=\"image.default\">\n\t\t\t\t<div class=\"elementor-widget-container\">\n\t\t\t\t\t\t\t\t\t\t\t\t\t\t\t<img decoding=\"async\" width=\"1920\" height=\"1280\" src=\"https:\/\/www.apartamentosllobet.com\/wp-content\/uploads\/2023\/05\/DSC01262.jpeg\" class=\"attachment-full size-full wp-image-968\" alt=\"\" srcset=\"https:\/\/www.apartamentosllobet.com\/wp-content\/uploads\/2023\/05\/DSC01262.jpeg 1920w, https:\/\/www.apartamentosllobet.com\/wp-content\/uploads\/2023\/05\/DSC01262-300x200.jpeg 300w, https:\/\/www.apartamentosllobet.com\/wp-content\/uploads\/2023\/05\/DSC01262-1024x683.jpeg 1024w, https:\/\/www.apartamentosllobet.com\/wp-content\/uploads\/2023\/05\/DSC01262-768x512.jpeg 768w, https:\/\/www.apartamentosllobet.com\/wp-content\/uploads\/2023\/05\/DSC01262-1536x1024.jpeg 1536w\" sizes=\"(max-width: 1920px) 100vw, 1920px\" \/>\t\t\t\t\t\t\t\t\t\t\t\t\t\t\t<\/div>\n\t\t\t\t<\/div>\n\t\t\t\t\t<\/div>\n\t\t\t\t<\/div>\n\t\t\t\t<\/div>\n\t\t","protected":false},"excerpt":{"rendered":"<p>Vues de Dalt Vila El Cielo de Llobet, o\u00f9 vous pouvez vous d\u00e9tendre et profiter de vues fantastiques. Soleil, d\u00e9tente et&#8230; vues \u00e0 couper le souffle ! Voici notre Cielo, une terrasse spectaculaire situ\u00e9e au dernier \u00e9tage de l&rsquo;immeuble, avec une pelouse et des chaises longues, qui offre des vues panoramiques incroyables sur Dalt Vila, [&hellip;]<\/p>\n","protected":false},"author":1,"featured_media":0,"parent":2814,"menu_order":0,"comment_status":"closed","ping_status":"closed","template":"","meta":{"footnotes":""},"class_list":["post-2669","page","type-page","status-publish","hentry"],"_links":{"self":[{"href":"https:\/\/www.apartamentosllobet.com\/fr\/wp-json\/wp\/v2\/pages\/2669","targetHints":{"allow":["GET"]}}],"collection":[{"href":"https:\/\/www.apartamentosllobet.com\/fr\/wp-json\/wp\/v2\/pages"}],"about":[{"href":"https:\/\/www.apartamentosllobet.com\/fr\/wp-json\/wp\/v2\/types\/page"}],"author":[{"embeddable":true,"href":"https:\/\/www.apartamentosllobet.com\/fr\/wp-json\/wp\/v2\/users\/1"}],"replies":[{"embeddable":true,"href":"https:\/\/www.apartamentosllobet.com\/fr\/wp-json\/wp\/v2\/comments?post=2669"}],"version-history":[{"count":3,"href":"https:\/\/www.apartamentosllobet.com\/fr\/wp-json\/wp\/v2\/pages\/2669\/revisions"}],"predecessor-version":[{"id":2705,"href":"https:\/\/www.apartamentosllobet.com\/fr\/wp-json\/wp\/v2\/pages\/2669\/revisions\/2705"}],"up":[{"embeddable":true,"href":"https:\/\/www.apartamentosllobet.com\/fr\/wp-json\/wp\/v2\/pages\/2814"}],"wp:attachment":[{"href":"https:\/\/www.apartamentosllobet.com\/fr\/wp-json\/wp\/v2\/media?parent=2669"}],"curies":[{"name":"wp","href":"https:\/\/api.w.org\/{rel}","templated":true}]}}