{"id":2630,"date":"2025-07-25T08:46:22","date_gmt":"2025-07-25T06:46:22","guid":{"rendered":"https:\/\/www.apartamentosllobet.com\/restaurante\/"},"modified":"2025-07-25T10:27:39","modified_gmt":"2025-07-25T08:27:39","slug":"restaurant","status":"publish","type":"page","link":"https:\/\/www.apartamentosllobet.com\/fr\/services\/restaurant\/","title":{"rendered":"Restaurant"},"content":{"rendered":"\t\t<div data-elementor-type=\"wp-page\" data-elementor-id=\"2630\" class=\"elementor elementor-2630 elementor-351\" data-elementor-post-type=\"page\">\n\t\t\t\t<div class=\"elementor-element elementor-element-caa3dfd e-flex e-con-boxed e-con e-parent\" data-id=\"caa3dfd\" data-element_type=\"container\" data-e-type=\"container\">\n\t\t\t\t\t<div class=\"e-con-inner\">\n\t\t<div class=\"elementor-element elementor-element-fe35173 e-flex e-con-boxed e-con e-child\" data-id=\"fe35173\" data-element_type=\"container\" data-e-type=\"container\">\n\t\t\t\t\t<div class=\"e-con-inner\">\n\t\t\t\t<div class=\"elementor-element elementor-element-5e4042d elementor-arrows-position-inside elementor-widget elementor-widget-image-carousel\" data-id=\"5e4042d\" data-element_type=\"widget\" data-e-type=\"widget\" data-settings=\"{&quot;slides_to_show&quot;:&quot;1&quot;,&quot;navigation&quot;:&quot;arrows&quot;,&quot;autoplay&quot;:&quot;yes&quot;,&quot;pause_on_hover&quot;:&quot;yes&quot;,&quot;pause_on_interaction&quot;:&quot;yes&quot;,&quot;autoplay_speed&quot;:5000,&quot;infinite&quot;:&quot;yes&quot;,&quot;effect&quot;:&quot;slide&quot;,&quot;speed&quot;:500}\" data-widget_type=\"image-carousel.default\">\n\t\t\t\t<div class=\"elementor-widget-container\">\n\t\t\t\t\t\t\t<div class=\"elementor-image-carousel-wrapper swiper\" role=\"region\" aria-roledescription=\"carousel\" aria-label=\"Carrousel d\u2019images\" dir=\"ltr\">\n\t\t\t<div class=\"elementor-image-carousel swiper-wrapper\" aria-live=\"off\">\n\t\t\t\t\t\t\t\t<div class=\"swiper-slide\" role=\"group\" aria-roledescription=\"slide\" aria-label=\"1 sur 7\"><figure class=\"swiper-slide-inner\"><img decoding=\"async\" class=\"swiper-slide-image\" src=\"https:\/\/www.apartamentosllobet.com\/wp-content\/uploads\/elementor\/thumbs\/restaurante-q7pfolxxorvx2norq986wvo0knwoju4elziohblhw2.jpg\" alt=\"restaurante\" \/><\/figure><\/div><div class=\"swiper-slide\" role=\"group\" aria-roledescription=\"slide\" aria-label=\"2 sur 7\"><figure class=\"swiper-slide-inner\"><img decoding=\"async\" class=\"swiper-slide-image\" src=\"https:\/\/www.apartamentosllobet.com\/wp-content\/uploads\/elementor\/thumbs\/Interior-q693qvklfb1pvoje0ftcfyh1yulerzjmzksqm5k0k2.jpg\" alt=\"Interior\" \/><\/figure><\/div><div class=\"swiper-slide\" role=\"group\" aria-roledescription=\"slide\" aria-label=\"3 sur 7\"><figure class=\"swiper-slide-inner\"><img decoding=\"async\" class=\"swiper-slide-image\" src=\"https:\/\/www.apartamentosllobet.com\/wp-content\/uploads\/elementor\/thumbs\/OliBeachExterior-q693r4yzbnel3s5qhjvm4w3nwpb2wykycvblex62tu.jpg\" alt=\"Ol\u00edBeachExterior\" \/><\/figure><\/div><div class=\"swiper-slide\" role=\"group\" aria-roledescription=\"slide\" aria-label=\"4 sur 7\"><figure class=\"swiper-slide-inner\"><img decoding=\"async\" class=\"swiper-slide-image\" src=\"https:\/\/www.apartamentosllobet.com\/wp-content\/uploads\/elementor\/thumbs\/ensaladas1-q2tfouk5jlzhsti8rlx451t856vn1zrhoshqj7gdsi.jpg\" alt=\"ensaladas1\" \/><\/figure><\/div><div class=\"swiper-slide\" role=\"group\" aria-roledescription=\"slide\" aria-label=\"5 sur 7\"><figure class=\"swiper-slide-inner\"><img decoding=\"async\" class=\"swiper-slide-image\" src=\"https:\/\/www.apartamentosllobet.com\/wp-content\/uploads\/elementor\/thumbs\/hamburgesa2-q693sofgivii4rx6hpulq03uyfpqj3p48ht8q8vumq.jpg\" alt=\"hamburgesa2\" \/><\/figure><\/div><div class=\"swiper-slide\" role=\"group\" aria-roledescription=\"slide\" aria-label=\"6 sur 7\"><figure class=\"swiper-slide-inner\"><img decoding=\"async\" class=\"swiper-slide-image\" src=\"https:\/\/www.apartamentosllobet.com\/wp-content\/uploads\/elementor\/thumbs\/interior-1-q693tyhjtr9jxo2a0rrbm6hg2beq09ryqts18szk5u.jpg\" alt=\"interior\" \/><\/figure><\/div><div class=\"swiper-slide\" role=\"group\" aria-roledescription=\"slide\" aria-label=\"7 sur 7\"><figure class=\"swiper-slide-inner\"><img decoding=\"async\" class=\"swiper-slide-image\" src=\"https:\/\/www.apartamentosllobet.com\/wp-content\/uploads\/elementor\/thumbs\/restaurante-q7pfolxxorvx2norq986wvo0knwoju4elziohblhw2.jpg\" alt=\"restaurante\" \/><\/figure><\/div>\t\t\t<\/div>\n\t\t\t\t\t\t\t\t\t\t\t\t<div class=\"elementor-swiper-button elementor-swiper-button-prev\" role=\"button\" tabindex=\"0\">\n\t\t\t\t\t\t<i aria-hidden=\"true\" class=\"eicon-chevron-left\"><\/i>\t\t\t\t\t<\/div>\n\t\t\t\t\t<div class=\"elementor-swiper-button elementor-swiper-button-next\" role=\"button\" tabindex=\"0\">\n\t\t\t\t\t\t<i aria-hidden=\"true\" class=\"eicon-chevron-right\"><\/i>\t\t\t\t\t<\/div>\n\t\t\t\t\n\t\t\t\t\t\t\t\t\t<\/div>\n\t\t\t\t\t\t<\/div>\n\t\t\t\t<\/div>\n\t\t<div class=\"elementor-element elementor-element-ce604ca e-con-full e-flex e-con e-child\" data-id=\"ce604ca\" data-element_type=\"container\" data-e-type=\"container\">\n\t\t<div class=\"elementor-element elementor-element-594726e e-con-full e-flex e-con e-child\" data-id=\"594726e\" data-element_type=\"container\" data-e-type=\"container\">\n\t\t\t\t<div class=\"elementor-element elementor-element-1733c7f elementor-position-right elementor-vertical-align-middle elementor-widget elementor-widget-image-box\" data-id=\"1733c7f\" data-element_type=\"widget\" data-e-type=\"widget\" data-widget_type=\"image-box.default\">\n\t\t\t\t<div class=\"elementor-widget-container\">\n\t\t\t\t\t<div class=\"elementor-image-box-wrapper\"><figure class=\"elementor-image-box-img\"><img decoding=\"async\" width=\"251\" height=\"72\" src=\"https:\/\/www.apartamentosllobet.com\/wp-content\/uploads\/2023\/06\/image008.png\" class=\"attachment-full size-full wp-image-1678\" alt=\"\" \/><\/figure><div class=\"elementor-image-box-content\"><p class=\"elementor-image-box-description\">Notre restaurant est membre de l'association des c\u0153liaques des \u00eeles Bal\u00e9ares.<\/p><\/div><\/div>\t\t\t\t<\/div>\n\t\t\t\t<\/div>\n\t\t\t\t<\/div>\n\t\t<div class=\"elementor-element elementor-element-3646e79 e-con-full e-flex e-con e-child\" data-id=\"3646e79\" data-element_type=\"container\" data-e-type=\"container\">\n\t\t\t\t<div class=\"elementor-element elementor-element-78dc86c elementor-widget elementor-widget-html\" data-id=\"78dc86c\" data-element_type=\"widget\" data-e-type=\"widget\" data-widget_type=\"html.default\">\n\t\t\t\t<div class=\"elementor-widget-container\">\n\t\t\t\t\t<link href=\"https:\/\/awards.infcdn.net\/2024\/r_rcm.css\" rel=\"stylesheet\"><div id=\"b-rcircle\" data-length=\"29\" class=\" b-rcircle_black \" onclick=\"if(event.target.nodeName.toLowerCase() != 'a') {window.open(this.querySelector('.b-rcircle_r-link').href);return 0;}\"> <a href=\"https:\/\/restaurantguru.com\/All-Cafe-Bistro-Ibiza\" class=\"b-rcircle_r-link\" target=\"_blank\" rel=\"noopener\">Restaurant Oli Beach<\/a> <p class=\"b-rcircle_year\">2024<\/p> <div class=\"b-rcircle_bottom \"> <p class=\"b-rcircle_str1 \">Recommand\u00e9<\/p> <\/div> <div class=\"b-rcircle_heading\"> <svg xmlns=\"http:\/\/www.w3.org\/2000\/svg\" xmlns:xlink=\"http:\/\/www.w3.org\/1999\/xlink\" width=\"144px\" height=\"144px\" viewbox=\"0 0 144 144\"> <defs> <path id=\"b-rcircle-arc\" d=\"M 12 72 a 60 60 0 0 0 120 0\"><\/path> <\/defs> <text class=\"b-rcircle_heading__bottom \" fill=\"#fff\" text-anchor=\"middle\"> <textpath startoffset=\"50%\" xlink:href=\"#b-rcircle-arc\"><a href=\"https:\/\/restaurantguru.com\/\" target=\"_blank\" class=\"b-rcircle_heading__link\" rel=\"noopener\">Restaurant Guru<\/a><\/textpath> <\/text> <\/svg> <\/div><\/div>\t\t\t\t<\/div>\n\t\t\t\t<\/div>\n\t\t\t\t<\/div>\n\t\t\t\t<\/div>\n\t\t\t\t\t<\/div>\n\t\t\t\t<\/div>\n\t\t<div class=\"elementor-element elementor-element-d13e38e e-con-full e-flex e-con e-child\" data-id=\"d13e38e\" data-element_type=\"container\" data-e-type=\"container\">\n\t\t\t\t<div class=\"elementor-element elementor-element-54d0223 elementor-widget elementor-widget-heading\" data-id=\"54d0223\" data-element_type=\"widget\" data-e-type=\"widget\" data-widget_type=\"heading.default\">\n\t\t\t\t<div class=\"elementor-widget-container\">\n\t\t\t\t\t<h2 class=\"elementor-heading-title elementor-size-default\">Restaurant Oli Beach<\/h2>\t\t\t\t<\/div>\n\t\t\t\t<\/div>\n\t\t\t\t<div class=\"elementor-element elementor-element-a92f525 elementor-widget elementor-widget-heading\" data-id=\"a92f525\" data-element_type=\"widget\" data-e-type=\"widget\" data-widget_type=\"heading.default\">\n\t\t\t\t<div class=\"elementor-widget-container\">\n\t\t\t\t\t<h2 class=\"elementor-heading-title elementor-size-default\">Des saveurs uniques pour des palais exclusifs<\/h2>\t\t\t\t<\/div>\n\t\t\t\t<\/div>\n\t\t\t\t<div class=\"elementor-element elementor-element-12a1c7d elementor-widget elementor-widget-text-editor\" data-id=\"12a1c7d\" data-element_type=\"widget\" data-e-type=\"widget\" data-widget_type=\"text-editor.default\">\n\t\t\t\t<div class=\"elementor-widget-container\">\n\t\t\t\t\t\t\t\t\t<p>Le restaurant du Paseo Mar\u00edtimo, en face de la plage, vous permettra de d\u00e9guster d&rsquo;excellents plats typiques de la cuisine espagnole. Avec une vari\u00e9t\u00e9 d&rsquo;options adapt\u00e9es aux c\u0153liaques.  <br \/>D\u00e9tendez-vous en profitant de la vue magnifique qui s&rsquo;offre \u00e0 vous dans une atmosph\u00e8re d\u00e9contract\u00e9e.<\/p>\n<p><strong>Nous proposons<\/strong><\/p>\n<ul>\n<li>Ambiance d\u00e9contract\u00e9e, pr\u00e8s de la plage, avec une vue magnifique sur Dalt Vila.<\/li>\n<li>Plat du jour (du lundi au vendredi midi)<\/li>\n<li>Une vari\u00e9t\u00e9 d&rsquo;options sans gluten.<\/li>\n<li>Jus de fruits frais et smoothies assortis, cr\u00e8me glac\u00e9e.<\/li>\n<li>P\u00e2tisseries maison (grande vari\u00e9t\u00e9).<\/li>\n<li>Petit-d\u00e9jeuner buffet au restaurant Sa Gavina (uniquement pour les clients de B-Llobet).<\/li>\n<\/ul>\n\t\t\t\t\t\t\t\t<\/div>\n\t\t\t\t<\/div>\n\t\t\t\t<\/div>\n\t\t\t\t\t<\/div>\n\t\t\t\t<\/div>\n\t\t\t\t<\/div>\n\t\t","protected":false},"excerpt":{"rendered":"<p>Notre restaurant est membre de l&rsquo;association des c\u0153liaques des \u00eeles Bal\u00e9ares. Restaurant Oli Beach 2024 Recommand\u00e9 Restaurant Guru Restaurant Oli Beach Des saveurs uniques pour des palais exclusifs Le restaurant du Paseo Mar\u00edtimo, en face de la plage, vous permettra de d\u00e9guster d&rsquo;excellents plats typiques de la cuisine espagnole. Avec une vari\u00e9t\u00e9 d&rsquo;options adapt\u00e9es aux [&hellip;]<\/p>\n","protected":false},"author":1,"featured_media":0,"parent":2814,"menu_order":0,"comment_status":"closed","ping_status":"closed","template":"","meta":{"footnotes":""},"class_list":["post-2630","page","type-page","status-publish","hentry"],"_links":{"self":[{"href":"https:\/\/www.apartamentosllobet.com\/fr\/wp-json\/wp\/v2\/pages\/2630","targetHints":{"allow":["GET"]}}],"collection":[{"href":"https:\/\/www.apartamentosllobet.com\/fr\/wp-json\/wp\/v2\/pages"}],"about":[{"href":"https:\/\/www.apartamentosllobet.com\/fr\/wp-json\/wp\/v2\/types\/page"}],"author":[{"embeddable":true,"href":"https:\/\/www.apartamentosllobet.com\/fr\/wp-json\/wp\/v2\/users\/1"}],"replies":[{"embeddable":true,"href":"https:\/\/www.apartamentosllobet.com\/fr\/wp-json\/wp\/v2\/comments?post=2630"}],"version-history":[{"count":1,"href":"https:\/\/www.apartamentosllobet.com\/fr\/wp-json\/wp\/v2\/pages\/2630\/revisions"}],"predecessor-version":[{"id":2633,"href":"https:\/\/www.apartamentosllobet.com\/fr\/wp-json\/wp\/v2\/pages\/2630\/revisions\/2633"}],"up":[{"embeddable":true,"href":"https:\/\/www.apartamentosllobet.com\/fr\/wp-json\/wp\/v2\/pages\/2814"}],"wp:attachment":[{"href":"https:\/\/www.apartamentosllobet.com\/fr\/wp-json\/wp\/v2\/media?parent=2630"}],"curies":[{"name":"wp","href":"https:\/\/api.w.org\/{rel}","templated":true}]}}