{"id":2610,"date":"2025-07-25T08:46:15","date_gmt":"2025-07-25T06:46:15","guid":{"rendered":"https:\/\/www.apartamentosllobet.com\/ubicacion\/"},"modified":"2025-07-25T10:23:31","modified_gmt":"2025-07-25T08:23:31","slug":"localisation","status":"publish","type":"page","link":"https:\/\/www.apartamentosllobet.com\/fr\/localisation\/","title":{"rendered":"Localisation"},"content":{"rendered":"\t\t<div data-elementor-type=\"wp-page\" data-elementor-id=\"2610\" class=\"elementor elementor-2610 elementor-423\" data-elementor-post-type=\"page\">\n\t\t\t\t<div class=\"elementor-element elementor-element-95e1ba9 e-flex e-con-boxed e-con e-parent\" data-id=\"95e1ba9\" data-element_type=\"container\" data-e-type=\"container\">\n\t\t\t\t\t<div class=\"e-con-inner\">\n\t\t\t\t<div class=\"elementor-element elementor-element-4dd63e0 elementor-widget elementor-widget-heading\" data-id=\"4dd63e0\" data-element_type=\"widget\" data-e-type=\"widget\" data-widget_type=\"heading.default\">\n\t\t\t\t<div class=\"elementor-widget-container\">\n\t\t\t\t\t<h2 class=\"elementor-heading-title elementor-size-default\">Premier\/second front de mer<\/h2>\t\t\t\t<\/div>\n\t\t\t\t<\/div>\n\t\t\t\t<div class=\"elementor-element elementor-element-e5b1dce elementor-widget elementor-widget-heading\" data-id=\"e5b1dce\" data-element_type=\"widget\" data-e-type=\"widget\" data-widget_type=\"heading.default\">\n\t\t\t\t<div class=\"elementor-widget-container\">\n\t\t\t\t\t<h2 class=\"elementor-heading-title elementor-size-default\">D\u00e9couvrez la plage de Figueretas<\/h2>\t\t\t\t<\/div>\n\t\t\t\t<\/div>\n\t\t\t\t<div class=\"elementor-element elementor-element-715bfdb elementor-widget__width-initial elementor-widget elementor-widget-text-editor\" data-id=\"715bfdb\" data-element_type=\"widget\" data-e-type=\"widget\" data-widget_type=\"text-editor.default\">\n\t\t\t\t<div class=\"elementor-widget-container\">\n\t\t\t\t\t\t\t\t\t<p>Situ\u00e9s sur le front de mer et en deuxi\u00e8me ligne de la plage tranquille et familiale de Figueretas, la seule plage enti\u00e8rement urbaine de la ville d&rsquo;Ibiza, nos appartements sont le choix id\u00e9al pour les familles, les couples et les groupes d&rsquo;amis. Notre situation particuli\u00e8re nous permet d&rsquo;offrir des vues imprenables sur le centre historique de la ville, Dalt Vila. Avec une liaison quotidienne par bateau depuis la plage. Vous pouvez \u00e9galement vous rendre sur l&rsquo;\u00eele voisine de Formentera. Des excursions quotidiennes sont propos\u00e9es par diff\u00e9rentes entreprises, \u00e0 deux pas des appartements.      <\/p>\n<p>La plage de Figueretas, avec son sable blanc et fin et ses eaux turquoises, attire les touristes du monde entier et les Ibiziens. C&rsquo;est une belle zone tranquille, \u00e0 l&rsquo;atmosph\u00e8re familiale et calme, avec de nombreux services et de bons acc\u00e8s, y compris pour les personnes \u00e0 mobilit\u00e9 r\u00e9duite. Vous trouverez de nombreux magasins, souvenirs, boutiques et restaurants le long de la promenade. Juste apr\u00e8s la plage, vous trouverez la longue et touristique Playa d&rsquo;en Bossa, une zone qui compte de nombreux bars, clubs de plage et discoth\u00e8ques de renomm\u00e9e internationale.   <\/p>\n\t\t\t\t\t\t\t\t<\/div>\n\t\t\t\t<\/div>\n\t\t\t\t\t<\/div>\n\t\t\t\t<\/div>\n\t\t<div class=\"elementor-element elementor-element-6885ab8 e-flex e-con-boxed e-con e-parent\" data-id=\"6885ab8\" data-element_type=\"container\" data-e-type=\"container\">\n\t\t\t\t\t<div class=\"e-con-inner\">\n\t\t\t\t<div class=\"elementor-element elementor-element-69467ff elementor-invisible elementor-widget elementor-widget-google_maps\" data-id=\"69467ff\" data-element_type=\"widget\" data-e-type=\"widget\" data-settings=\"{&quot;_animation&quot;:&quot;fadeInLeft&quot;}\" data-widget_type=\"google_maps.default\">\n\t\t\t\t<div class=\"elementor-widget-container\">\n\t\t\t\t\t\t\t<div class=\"elementor-custom-embed\">\n\t\t\t<iframe loading=\"lazy\"\n\t\t\t\t\tsrc=\"https:\/\/maps.google.com\/maps?q=Apartamentos%20llobet&#038;t=m&#038;z=16&#038;output=embed&#038;iwloc=near\"\n\t\t\t\t\ttitle=\"Apartamentos llobet\"\n\t\t\t\t\taria-label=\"Apartamentos llobet\"\n\t\t\t><\/iframe>\n\t\t<\/div>\n\t\t\t\t\t\t<\/div>\n\t\t\t\t<\/div>\n\t\t\t\t\t<\/div>\n\t\t\t\t<\/div>\n\t\t<div class=\"elementor-element elementor-element-d01c1a5 e-flex e-con-boxed e-con e-parent\" data-id=\"d01c1a5\" data-element_type=\"container\" data-e-type=\"container\">\n\t\t\t\t\t<div class=\"e-con-inner\">\n\t\t\t\t<div class=\"elementor-element elementor-element-5956b7e elementor-widget elementor-widget-heading\" data-id=\"5956b7e\" data-element_type=\"widget\" data-e-type=\"widget\" data-widget_type=\"heading.default\">\n\t\t\t\t<div class=\"elementor-widget-container\">\n\t\t\t\t\t<h2 class=\"elementor-heading-title elementor-size-default\">Parfaitement connect\u00e9<\/h2>\t\t\t\t<\/div>\n\t\t\t\t<\/div>\n\t\t\t\t<div class=\"elementor-element elementor-element-57d95f2 elementor-widget__width-initial elementor-widget elementor-widget-text-editor\" data-id=\"57d95f2\" data-element_type=\"widget\" data-e-type=\"widget\" data-widget_type=\"text-editor.default\">\n\t\t\t\t<div class=\"elementor-widget-container\">\n\t\t\t\t\t\t\t\t\t<p>Outre son emplacement sur la plage de Figueretas, les appartements Llobet se trouvent \u00e0 seulement 20 minutes de marche du port et de Dalt Vila, la vieille ville d&rsquo;Ibiza. Un arr\u00eat de bus se trouve juste devant la porte de l&rsquo;\u00e9tablissement. <\/p>\n<p>Pour toutes ces raisons et bien d&rsquo;autres encore, il s&rsquo;agit du logement id\u00e9al pour ceux qui souhaitent profiter de la plage et du soleil et, en m\u00eame temps, de la proximit\u00e9 de la capitale d&rsquo;Ibiza et de son patrimoine, o\u00f9, en outre, de nombreuses possibilit\u00e9s s&rsquo;offrent \u00e0 vous gr\u00e2ce \u00e0 ses connexions avec d&rsquo;autres lieux d&rsquo;int\u00e9r\u00eat touristique particulier de l&rsquo;\u00eele : espaces naturels, villages charmants, criques et plages paradisiaques, march\u00e9s hippies&#8230; L&rsquo;a\u00e9roport d&rsquo;Ibiza se trouve quant \u00e0 lui \u00e0 environ 15 minutes en voiture, soit \u00e0 environ 9 kilom\u00e8tres. <\/p>\n\t\t\t\t\t\t\t\t<\/div>\n\t\t\t\t<\/div>\n\t\t\t\t\t<\/div>\n\t\t\t\t<\/div>\n\t\t\t\t<\/div>\n\t\t","protected":false},"excerpt":{"rendered":"<p>Premier\/second front de mer D\u00e9couvrez la plage de Figueretas Situ\u00e9s sur le front de mer et en deuxi\u00e8me ligne de la plage tranquille et familiale de Figueretas, la seule plage enti\u00e8rement urbaine de la ville d&rsquo;Ibiza, nos appartements sont le choix id\u00e9al pour les familles, les couples et les groupes d&rsquo;amis. Notre situation particuli\u00e8re nous [&hellip;]<\/p>\n","protected":false},"author":1,"featured_media":2616,"parent":0,"menu_order":0,"comment_status":"closed","ping_status":"closed","template":"","meta":{"footnotes":""},"class_list":["post-2610","page","type-page","status-publish","has-post-thumbnail","hentry"],"_links":{"self":[{"href":"https:\/\/www.apartamentosllobet.com\/fr\/wp-json\/wp\/v2\/pages\/2610","targetHints":{"allow":["GET"]}}],"collection":[{"href":"https:\/\/www.apartamentosllobet.com\/fr\/wp-json\/wp\/v2\/pages"}],"about":[{"href":"https:\/\/www.apartamentosllobet.com\/fr\/wp-json\/wp\/v2\/types\/page"}],"author":[{"embeddable":true,"href":"https:\/\/www.apartamentosllobet.com\/fr\/wp-json\/wp\/v2\/users\/1"}],"replies":[{"embeddable":true,"href":"https:\/\/www.apartamentosllobet.com\/fr\/wp-json\/wp\/v2\/comments?post=2610"}],"version-history":[{"count":2,"href":"https:\/\/www.apartamentosllobet.com\/fr\/wp-json\/wp\/v2\/pages\/2610\/revisions"}],"predecessor-version":[{"id":2905,"href":"https:\/\/www.apartamentosllobet.com\/fr\/wp-json\/wp\/v2\/pages\/2610\/revisions\/2905"}],"wp:featuredmedia":[{"embeddable":true,"href":"https:\/\/www.apartamentosllobet.com\/fr\/wp-json\/wp\/v2\/media\/2616"}],"wp:attachment":[{"href":"https:\/\/www.apartamentosllobet.com\/fr\/wp-json\/wp\/v2\/media?parent=2610"}],"curies":[{"name":"wp","href":"https:\/\/api.w.org\/{rel}","templated":true}]}}